{"id":359716,"date":"2024-09-09T20:30:43","date_gmt":"2024-09-10T12:44:21","guid":{"rendered":"https:\/\/maisoncleo.com\/\/?post_type=product&#038;p=359716"},"modified":"2025-09-11T15:18:11","modified_gmt":"2025-09-11T13:18:11","slug":"cardigan-orange-en-laine-texturee-epaisse-gigi","status":"publish","type":"product","link":"https:\/\/maisoncleo.com\/fr\/shop\/cardigan-orange-en-laine-texturee-epaisse-gigi\/","title":{"rendered":"Cardigan orange en laine textur\u00e9e \u00e9paisse GIGI"},"content":{"rendered":"<p>Cardigan sans manches en laine \u00e9paisse orange vif, non doubl\u00e9. Parfait pour porter au dessus d&rsquo;un pull col roul\u00e9 l&rsquo;hiver! Couleur incroyable.<\/p>\n<p>La mod\u00e8le mesure 1m64.<\/p>\n","protected":false},"excerpt":{"rendered":"<p>Cardigan sans manches en laine \u00e9paisse orange vif, non doubl\u00e9. Parfait pour porter au dessus d&rsquo;un pull col roul\u00e9 l&rsquo;hiver! Couleur incroyable.&hellip;<\/p>\n","protected":false},"featured_media":339898,"template":"","meta":[],"product_brand":[],"product_cat":[683,667],"product_tag":[],"class_list":{"0":"post-359716","1":"product","2":"type-product","3":"status-publish","4":"has-post-thumbnail","6":"product_cat-cardigans","7":"product_cat-dernieres-pieces","8":"pa_taille-l-40-2","9":"pa_taille-m-38-2","10":"pa_taille-s-36-2","11":"pa_taille-sur-mesure-fr-2","12":"pa_taille-xl-42-fr-2","13":"pa_taille-xs-34-2","15":"first","16":"instock","17":"taxable","18":"shipping-taxable","19":"purchasable","20":"product-type-variable"},"_links":{"self":[{"href":"https:\/\/maisoncleo.com\/fr\/wp-json\/wp\/v2\/product\/359716","targetHints":{"allow":["GET"]}}],"collection":[{"href":"https:\/\/maisoncleo.com\/fr\/wp-json\/wp\/v2\/product"}],"about":[{"href":"https:\/\/maisoncleo.com\/fr\/wp-json\/wp\/v2\/types\/product"}],"version-history":[{"count":1,"href":"https:\/\/maisoncleo.com\/fr\/wp-json\/wp\/v2\/product\/359716\/revisions"}],"predecessor-version":[{"id":360868,"href":"https:\/\/maisoncleo.com\/fr\/wp-json\/wp\/v2\/product\/359716\/revisions\/360868"}],"wp:featuredmedia":[{"embeddable":true,"href":"https:\/\/maisoncleo.com\/fr\/wp-json\/wp\/v2\/media\/339898"}],"wp:attachment":[{"href":"https:\/\/maisoncleo.com\/fr\/wp-json\/wp\/v2\/media?parent=359716"}],"wp:term":[{"taxonomy":"product_brand","embeddable":true,"href":"https:\/\/maisoncleo.com\/fr\/wp-json\/wp\/v2\/product_brand?post=359716"},{"taxonomy":"product_cat","embeddable":true,"href":"https:\/\/maisoncleo.com\/fr\/wp-json\/wp\/v2\/product_cat?post=359716"},{"taxonomy":"product_tag","embeddable":true,"href":"https:\/\/maisoncleo.com\/fr\/wp-json\/wp\/v2\/product_tag?post=359716"}],"curies":[{"name":"wp","href":"https:\/\/api.w.org\/{rel}","templated":true}]}}