{"id":359715,"date":"2024-09-09T20:30:43","date_gmt":"2024-09-10T12:44:21","guid":{"rendered":"https:\/\/maisoncleo.com\/\/?post_type=product&#038;p=359715"},"modified":"2024-09-10T21:09:19","modified_gmt":"2024-09-10T19:09:19","slug":"cardigan-a-carreaux-gris-en-laine-gigi","status":"publish","type":"product","link":"https:\/\/maisoncleo.com\/fr\/shop\/cardigan-a-carreaux-gris-en-laine-gigi\/","title":{"rendered":"Cardigan \u00e0 carreaux gris en laine GIGI"},"content":{"rendered":"<p>Crop top en laine \u00e0 carreaux gris, non doubl\u00e9. Parfait pour porter au dessus d&rsquo;un pull col roul\u00e9 l&rsquo;hiver! 100% laine.<\/p>\n<p>Fabriqu\u00e9 \u00e0 la main dans notre atelier du Nord de la France.<\/p>\n<p>La mod\u00e8le mesure 1m64.<\/p>\n","protected":false},"excerpt":{"rendered":"<p>Crop top en laine \u00e0 carreaux gris, non doubl\u00e9. Parfait pour porter au dessus d&rsquo;un pull col roul\u00e9 l&rsquo;hiver! 100% laine. Fabriqu\u00e9&hellip;<\/p>\n","protected":false},"featured_media":339877,"template":"","meta":[],"product_brand":[],"product_cat":[683,667],"product_tag":[],"class_list":{"0":"post-359715","1":"product","2":"type-product","3":"status-publish","4":"has-post-thumbnail","6":"product_cat-cardigans","7":"product_cat-dernieres-pieces","8":"pa_taille-l-40-2","9":"pa_taille-m-38-2","10":"pa_taille-s-36-2","11":"pa_taille-sur-mesure-fr-2","12":"pa_taille-xl-42-fr-2","13":"pa_taille-xs-34-2","15":"first","16":"instock","17":"taxable","18":"shipping-taxable","19":"purchasable","20":"product-type-variable"},"_links":{"self":[{"href":"https:\/\/maisoncleo.com\/fr\/wp-json\/wp\/v2\/product\/359715","targetHints":{"allow":["GET"]}}],"collection":[{"href":"https:\/\/maisoncleo.com\/fr\/wp-json\/wp\/v2\/product"}],"about":[{"href":"https:\/\/maisoncleo.com\/fr\/wp-json\/wp\/v2\/types\/product"}],"version-history":[{"count":1,"href":"https:\/\/maisoncleo.com\/fr\/wp-json\/wp\/v2\/product\/359715\/revisions"}],"predecessor-version":[{"id":360854,"href":"https:\/\/maisoncleo.com\/fr\/wp-json\/wp\/v2\/product\/359715\/revisions\/360854"}],"wp:featuredmedia":[{"embeddable":true,"href":"https:\/\/maisoncleo.com\/fr\/wp-json\/wp\/v2\/media\/339877"}],"wp:attachment":[{"href":"https:\/\/maisoncleo.com\/fr\/wp-json\/wp\/v2\/media?parent=359715"}],"wp:term":[{"taxonomy":"product_brand","embeddable":true,"href":"https:\/\/maisoncleo.com\/fr\/wp-json\/wp\/v2\/product_brand?post=359715"},{"taxonomy":"product_cat","embeddable":true,"href":"https:\/\/maisoncleo.com\/fr\/wp-json\/wp\/v2\/product_cat?post=359715"},{"taxonomy":"product_tag","embeddable":true,"href":"https:\/\/maisoncleo.com\/fr\/wp-json\/wp\/v2\/product_tag?post=359715"}],"curies":[{"name":"wp","href":"https:\/\/api.w.org\/{rel}","templated":true}]}}