{"id":359714,"date":"2024-09-09T20:30:43","date_gmt":"2024-09-10T12:44:21","guid":{"rendered":"https:\/\/maisoncleo.com\/\/?post_type=product&#038;p=359714"},"modified":"2024-09-10T21:09:30","modified_gmt":"2024-09-10T19:09:30","slug":"cardigan-en-laine-vert-fonce-rouge-et-ecru-gigi","status":"publish","type":"product","link":"https:\/\/maisoncleo.com\/fr\/shop\/cardigan-en-laine-vert-fonce-rouge-et-ecru-gigi\/","title":{"rendered":"Cardigan en laine vert fonc\u00e9, rouge et \u00e9cru GIGI"},"content":{"rendered":"<p>Cardigan sans manches en laine vert fonc\u00e9, rouge et \u00e9cru, non doubl\u00e9. Parfait pour porter au dessus d&rsquo;un pull col roul\u00e9 l&rsquo;hiver! Nous pouvons faire seulement 10 cardigans dans ce tissu.<\/p>\n<p>La mod\u00e8le mesure 1m71.<\/p>\n","protected":false},"excerpt":{"rendered":"<p>Cardigan sans manches en laine vert fonc\u00e9, rouge et \u00e9cru, non doubl\u00e9. Parfait pour porter au dessus d&rsquo;un pull col roul\u00e9 l&rsquo;hiver!&hellip;<\/p>\n","protected":false},"featured_media":340127,"template":"","meta":[],"product_brand":[],"product_cat":[683,667],"product_tag":[],"class_list":{"0":"post-359714","1":"product","2":"type-product","3":"status-publish","4":"has-post-thumbnail","6":"product_cat-cardigans","7":"product_cat-dernieres-pieces","8":"pa_taille-l-40-2","9":"pa_taille-m-38-2","10":"pa_taille-s-36-2","11":"pa_taille-sur-mesure-fr-2","12":"pa_taille-xl-42-fr-2","13":"pa_taille-xs-34-2","15":"first","16":"instock","17":"taxable","18":"shipping-taxable","19":"purchasable","20":"product-type-variable"},"_links":{"self":[{"href":"https:\/\/maisoncleo.com\/fr\/wp-json\/wp\/v2\/product\/359714","targetHints":{"allow":["GET"]}}],"collection":[{"href":"https:\/\/maisoncleo.com\/fr\/wp-json\/wp\/v2\/product"}],"about":[{"href":"https:\/\/maisoncleo.com\/fr\/wp-json\/wp\/v2\/types\/product"}],"version-history":[{"count":1,"href":"https:\/\/maisoncleo.com\/fr\/wp-json\/wp\/v2\/product\/359714\/revisions"}],"predecessor-version":[{"id":360953,"href":"https:\/\/maisoncleo.com\/fr\/wp-json\/wp\/v2\/product\/359714\/revisions\/360953"}],"wp:featuredmedia":[{"embeddable":true,"href":"https:\/\/maisoncleo.com\/fr\/wp-json\/wp\/v2\/media\/340127"}],"wp:attachment":[{"href":"https:\/\/maisoncleo.com\/fr\/wp-json\/wp\/v2\/media?parent=359714"}],"wp:term":[{"taxonomy":"product_brand","embeddable":true,"href":"https:\/\/maisoncleo.com\/fr\/wp-json\/wp\/v2\/product_brand?post=359714"},{"taxonomy":"product_cat","embeddable":true,"href":"https:\/\/maisoncleo.com\/fr\/wp-json\/wp\/v2\/product_cat?post=359714"},{"taxonomy":"product_tag","embeddable":true,"href":"https:\/\/maisoncleo.com\/fr\/wp-json\/wp\/v2\/product_tag?post=359714"}],"curies":[{"name":"wp","href":"https:\/\/api.w.org\/{rel}","templated":true}]}}