{"id":359675,"date":"2024-09-09T20:24:26","date_gmt":"2024-09-10T12:43:11","guid":{"rendered":"https:\/\/maisoncleo.com\/\/?post_type=product&#038;p=359675"},"modified":"2024-09-10T21:07:28","modified_gmt":"2024-09-10T19:07:28","slug":"pantalon-en-maille-cotelees-flare-noir-tricote-teresa","status":"publish","type":"product","link":"https:\/\/maisoncleo.com\/fr\/shop\/pantalon-en-maille-cotelees-flare-noir-tricote-teresa\/","title":{"rendered":"Pantalon en maille c\u00f4tel\u00e9es flare noir tricot\u00e9 TERESA"},"content":{"rendered":"<p>Notre premier pantalon en laine! Fait \u00e0 la main par notre tricoteuse dans notre bureau. Ajust\u00e9 \u00e0 la taille par une large ceinture \u00e9lastique, jambes larges flares, d\u00e9coupe autour de la taille. 5 heures sont n\u00e9cessaires pour en faire un.<\/p>\n<p>La mod\u00e8le mesure 1m68.<\/p>\n","protected":false},"excerpt":{"rendered":"<p>Notre premier pantalon en laine! Fait \u00e0 la main par notre tricoteuse dans notre bureau. Ajust\u00e9 \u00e0 la taille par une large&hellip;<\/p>\n","protected":false},"featured_media":337851,"template":"","meta":[],"product_brand":[],"product_cat":[667,666,675],"product_tag":[],"class_list":{"0":"post-359675","1":"product","2":"type-product","3":"status-publish","4":"has-post-thumbnail","6":"product_cat-dernieres-pieces","7":"product_cat-mailles","8":"product_cat-pantalons-shorts","9":"pa_taille-l-40-2","10":"pa_taille-m-38-2","11":"pa_taille-s-36-2","12":"pa_taille-sur-mesure-fr-2","13":"pa_taille-xl-42-fr-2","14":"pa_taille-xs-34-2","16":"first","17":"outofstock","18":"taxable","19":"shipping-taxable","20":"purchasable","21":"product-type-variable"},"_links":{"self":[{"href":"https:\/\/maisoncleo.com\/fr\/wp-json\/wp\/v2\/product\/359675","targetHints":{"allow":["GET"]}}],"collection":[{"href":"https:\/\/maisoncleo.com\/fr\/wp-json\/wp\/v2\/product"}],"about":[{"href":"https:\/\/maisoncleo.com\/fr\/wp-json\/wp\/v2\/types\/product"}],"version-history":[{"count":1,"href":"https:\/\/maisoncleo.com\/fr\/wp-json\/wp\/v2\/product\/359675\/revisions"}],"predecessor-version":[{"id":359725,"href":"https:\/\/maisoncleo.com\/fr\/wp-json\/wp\/v2\/product\/359675\/revisions\/359725"}],"wp:featuredmedia":[{"embeddable":true,"href":"https:\/\/maisoncleo.com\/fr\/wp-json\/wp\/v2\/media\/337851"}],"wp:attachment":[{"href":"https:\/\/maisoncleo.com\/fr\/wp-json\/wp\/v2\/media?parent=359675"}],"wp:term":[{"taxonomy":"product_brand","embeddable":true,"href":"https:\/\/maisoncleo.com\/fr\/wp-json\/wp\/v2\/product_brand?post=359675"},{"taxonomy":"product_cat","embeddable":true,"href":"https:\/\/maisoncleo.com\/fr\/wp-json\/wp\/v2\/product_cat?post=359675"},{"taxonomy":"product_tag","embeddable":true,"href":"https:\/\/maisoncleo.com\/fr\/wp-json\/wp\/v2\/product_tag?post=359675"}],"curies":[{"name":"wp","href":"https:\/\/api.w.org\/{rel}","templated":true}]}}