{"id":359673,"date":"2024-09-09T20:24:26","date_gmt":"2024-09-10T12:43:11","guid":{"rendered":"https:\/\/maisoncleo.com\/\/?post_type=product&#038;p=359673"},"modified":"2024-09-10T21:07:26","modified_gmt":"2024-09-10T19:07:26","slug":"top-bustier-en-dentelle-et-soie-lili","status":"publish","type":"product","link":"https:\/\/maisoncleo.com\/fr\/shop\/top-bustier-en-dentelle-et-soie-lili\/","title":{"rendered":"Top bustier en dentelle et soie LILI"},"content":{"rendered":"<p>Le top bustier en dentelle LILI. Fait en dentelle de Calais destock\u00e9e, doublure en soie d&rsquo;un designer Haute-Couture, travail de volants sur le haut avec de l&rsquo;organza de soie, liens devant en organza de soie.<\/p>\n<p>Attention : A partir de maintenant les bustiers seront faits avec une nouvelle dentelle de Calais que nous avons r\u00e9cup\u00e9r\u00e9e, veuillez regarder les 2 derni\u00e8res photos port\u00e9es par Chlo\u00e9 et moi pour voir la nouvelle dentelle. C&rsquo;est tr\u00e8s similaire, difficile de voir la diff\u00e9rence \ud83d\ude42<\/p>\n<p>La mod\u00e8le mesure 1m65.<\/p>\n","protected":false},"excerpt":{"rendered":"<p>Le top bustier en dentelle LILI. Fait en dentelle de Calais destock\u00e9e, doublure en soie d&rsquo;un designer Haute-Couture, travail de volants sur&hellip;<\/p>\n","protected":false},"featured_media":337815,"template":"","meta":[],"product_brand":[],"product_cat":[667,674],"product_tag":[],"class_list":{"0":"post-359673","1":"product","2":"type-product","3":"status-publish","4":"has-post-thumbnail","6":"product_cat-dernieres-pieces","7":"product_cat-tops","8":"pa_taille-l-40-2","9":"pa_taille-m-38-2","10":"pa_taille-s-36-2","11":"pa_taille-sur-mesure-fr-2","12":"pa_taille-xl-42-fr-2","13":"pa_taille-xs-34-2","15":"first","16":"instock","17":"taxable","18":"shipping-taxable","19":"purchasable","20":"product-type-variable"},"_links":{"self":[{"href":"https:\/\/maisoncleo.com\/fr\/wp-json\/wp\/v2\/product\/359673","targetHints":{"allow":["GET"]}}],"collection":[{"href":"https:\/\/maisoncleo.com\/fr\/wp-json\/wp\/v2\/product"}],"about":[{"href":"https:\/\/maisoncleo.com\/fr\/wp-json\/wp\/v2\/types\/product"}],"version-history":[{"count":1,"href":"https:\/\/maisoncleo.com\/fr\/wp-json\/wp\/v2\/product\/359673\/revisions"}],"predecessor-version":[{"id":359699,"href":"https:\/\/maisoncleo.com\/fr\/wp-json\/wp\/v2\/product\/359673\/revisions\/359699"}],"wp:featuredmedia":[{"embeddable":true,"href":"https:\/\/maisoncleo.com\/fr\/wp-json\/wp\/v2\/media\/337815"}],"wp:attachment":[{"href":"https:\/\/maisoncleo.com\/fr\/wp-json\/wp\/v2\/media?parent=359673"}],"wp:term":[{"taxonomy":"product_brand","embeddable":true,"href":"https:\/\/maisoncleo.com\/fr\/wp-json\/wp\/v2\/product_brand?post=359673"},{"taxonomy":"product_cat","embeddable":true,"href":"https:\/\/maisoncleo.com\/fr\/wp-json\/wp\/v2\/product_cat?post=359673"},{"taxonomy":"product_tag","embeddable":true,"href":"https:\/\/maisoncleo.com\/fr\/wp-json\/wp\/v2\/product_tag?post=359673"}],"curies":[{"name":"wp","href":"https:\/\/api.w.org\/{rel}","templated":true}]}}