{"id":359646,"date":"2024-09-09T20:22:42","date_gmt":"2024-09-10T12:41:24","guid":{"rendered":"https:\/\/maisoncleo.com\/\/?post_type=product&#038;p=359646"},"modified":"2024-09-10T21:07:25","modified_gmt":"2024-09-10T19:07:25","slug":"pull-col-roule-tricote-pink-lady","status":"publish","type":"product","link":"https:\/\/maisoncleo.com\/fr\/shop\/pull-col-roule-tricote-pink-lady\/","title":{"rendered":"Pull col roul\u00e9 tricot\u00e9 PINK LADY"},"content":{"rendered":"<p>Notre premier pull col roul\u00e9 en laine! Pommes pink lady sur le bas des manches et coeurs dans le dos. Fait \u00e0 la commande par notre tricoteuse dans notre bureau. Tricot\u00e9 avec 3 fils et 2 laines diff\u00e9rentes ce qui le rend doux et \u00e9pais comme un pull doudou.<\/p>\n<p>La mod\u00e8le mesure 1m62.<\/p>\n","protected":false},"excerpt":{"rendered":"<p>Notre premier pull col roul\u00e9 en laine! Pommes pink lady sur le bas des manches et coeurs dans le dos. Fait \u00e0&hellip;<\/p>\n","protected":false},"featured_media":337796,"template":"","meta":[],"product_brand":[],"product_cat":[667,666,661],"product_tag":[],"class_list":{"0":"post-359646","1":"product","2":"type-product","3":"status-publish","4":"has-post-thumbnail","6":"product_cat-dernieres-pieces","7":"product_cat-mailles","8":"product_cat-tout-voir","9":"pa_taille-l-40-2","10":"pa_taille-m-38-2","11":"pa_taille-s-36-2","12":"pa_taille-sur-mesure-fr-2","13":"pa_taille-xl-42-fr-2","14":"pa_taille-xs-34-2","16":"first","17":"outofstock","18":"taxable","19":"shipping-taxable","20":"purchasable","21":"product-type-variable"},"_links":{"self":[{"href":"https:\/\/maisoncleo.com\/fr\/wp-json\/wp\/v2\/product\/359646","targetHints":{"allow":["GET"]}}],"collection":[{"href":"https:\/\/maisoncleo.com\/fr\/wp-json\/wp\/v2\/product"}],"about":[{"href":"https:\/\/maisoncleo.com\/fr\/wp-json\/wp\/v2\/types\/product"}],"version-history":[{"count":1,"href":"https:\/\/maisoncleo.com\/fr\/wp-json\/wp\/v2\/product\/359646\/revisions"}],"predecessor-version":[{"id":359698,"href":"https:\/\/maisoncleo.com\/fr\/wp-json\/wp\/v2\/product\/359646\/revisions\/359698"}],"wp:featuredmedia":[{"embeddable":true,"href":"https:\/\/maisoncleo.com\/fr\/wp-json\/wp\/v2\/media\/337796"}],"wp:attachment":[{"href":"https:\/\/maisoncleo.com\/fr\/wp-json\/wp\/v2\/media?parent=359646"}],"wp:term":[{"taxonomy":"product_brand","embeddable":true,"href":"https:\/\/maisoncleo.com\/fr\/wp-json\/wp\/v2\/product_brand?post=359646"},{"taxonomy":"product_cat","embeddable":true,"href":"https:\/\/maisoncleo.com\/fr\/wp-json\/wp\/v2\/product_cat?post=359646"},{"taxonomy":"product_tag","embeddable":true,"href":"https:\/\/maisoncleo.com\/fr\/wp-json\/wp\/v2\/product_tag?post=359646"}],"curies":[{"name":"wp","href":"https:\/\/api.w.org\/{rel}","templated":true}]}}