{"id":359645,"date":"2024-09-09T20:22:42","date_gmt":"2024-09-10T12:41:24","guid":{"rendered":"https:\/\/maisoncleo.com\/\/?post_type=product&#038;p=359645"},"modified":"2024-09-10T21:09:37","modified_gmt":"2024-09-10T19:09:37","slug":"pull-col-roule-noir-tricote-dark-lady","status":"publish","type":"product","link":"https:\/\/maisoncleo.com\/fr\/shop\/pull-col-roule-noir-tricote-dark-lady\/","title":{"rendered":"Pull col roul\u00e9 noir tricot\u00e9 DARK LADY"},"content":{"rendered":"<p>Notre premier pull col roul\u00e9 en laine! D\u00e9tails pommes pink lady lilas sur le bas des manches et coeurs lilas dans le dos. Fait \u00e0 la commande par notre tricoteuse dans notre bureau. Tricot\u00e9 avec 3 fils et 2 laines diff\u00e9rentes ce qui le rend doux et \u00e9pais comme un pull doudou. &lt;3 Possibilit\u00e9 de le commander et demander de l&rsquo;avoir tout en noir si vous pr\u00e9f\u00e9rez! &lt;3<\/p>\n<p>La mod\u00e8le mesure 1m68.<\/p>\n","protected":false},"excerpt":{"rendered":"<p>Notre premier pull col roul\u00e9 en laine! D\u00e9tails pommes pink lady lilas sur le bas des manches et coeurs lilas dans le&hellip;<\/p>\n","protected":false},"featured_media":340255,"template":"","meta":[],"product_brand":[],"product_cat":[667,666],"product_tag":[],"class_list":{"0":"post-359645","1":"product","2":"type-product","3":"status-publish","4":"has-post-thumbnail","6":"product_cat-dernieres-pieces","7":"product_cat-mailles","8":"pa_taille-l-40-2","9":"pa_taille-m-38-2","10":"pa_taille-s-36-2","11":"pa_taille-sur-mesure-fr-2","12":"pa_taille-xl-42-fr-2","13":"pa_taille-xs-34-2","15":"first","16":"outofstock","17":"taxable","18":"shipping-taxable","19":"purchasable","20":"product-type-variable"},"_links":{"self":[{"href":"https:\/\/maisoncleo.com\/fr\/wp-json\/wp\/v2\/product\/359645","targetHints":{"allow":["GET"]}}],"collection":[{"href":"https:\/\/maisoncleo.com\/fr\/wp-json\/wp\/v2\/product"}],"about":[{"href":"https:\/\/maisoncleo.com\/fr\/wp-json\/wp\/v2\/types\/product"}],"version-history":[{"count":1,"href":"https:\/\/maisoncleo.com\/fr\/wp-json\/wp\/v2\/product\/359645\/revisions"}],"predecessor-version":[{"id":360986,"href":"https:\/\/maisoncleo.com\/fr\/wp-json\/wp\/v2\/product\/359645\/revisions\/360986"}],"wp:featuredmedia":[{"embeddable":true,"href":"https:\/\/maisoncleo.com\/fr\/wp-json\/wp\/v2\/media\/340255"}],"wp:attachment":[{"href":"https:\/\/maisoncleo.com\/fr\/wp-json\/wp\/v2\/media?parent=359645"}],"wp:term":[{"taxonomy":"product_brand","embeddable":true,"href":"https:\/\/maisoncleo.com\/fr\/wp-json\/wp\/v2\/product_brand?post=359645"},{"taxonomy":"product_cat","embeddable":true,"href":"https:\/\/maisoncleo.com\/fr\/wp-json\/wp\/v2\/product_cat?post=359645"},{"taxonomy":"product_tag","embeddable":true,"href":"https:\/\/maisoncleo.com\/fr\/wp-json\/wp\/v2\/product_tag?post=359645"}],"curies":[{"name":"wp","href":"https:\/\/api.w.org\/{rel}","templated":true}]}}