{"id":359554,"date":"2024-09-09T20:14:07","date_gmt":"2024-09-10T12:36:19","guid":{"rendered":"https:\/\/maisoncleo.com\/\/?post_type=product&#038;p=359554"},"modified":"2024-09-10T21:10:00","modified_gmt":"2024-09-10T19:10:00","slug":"veste-en-laine-epaisse-a-carreaux-roses-fausse-fourrure-estelle","status":"publish","type":"product","link":"https:\/\/maisoncleo.com\/fr\/shop\/veste-en-laine-epaisse-a-carreaux-roses-fausse-fourrure-estelle\/","title":{"rendered":"Veste en laine \u00e9paisse \u00e0 carreaux roses fausse fourrure ESTELLE"},"content":{"rendered":"<p>Veste en laine \u00e9paisse \u00e0 carreaux roses et fausse fourrure rose. Fabriqu\u00e9e dans un lainage limit\u00e9, fausse fourrure sur le col et les poignets, boutons en velours noir uniques vintage, coupe oversize. Non doubl\u00e9e. Le tissu provient d&rsquo;une de vos maisons italiennes favorites et la fausse fourrure provient d&rsquo;une maison de couture fran\u00e7aise. Nous pouvons faire 11 vestes dans ce tissu.<\/p>\n<p>La mod\u00e8le mesure 1m71.<\/p>\n","protected":false},"excerpt":{"rendered":"<p>Veste en laine \u00e9paisse \u00e0 carreaux roses et fausse fourrure rose. Fabriqu\u00e9e dans un lainage limit\u00e9, fausse fourrure sur le col et&hellip;<\/p>\n","protected":false},"featured_media":340734,"template":"","meta":[],"product_brand":[],"product_cat":[667,665],"product_tag":[],"class_list":{"0":"post-359554","1":"product","2":"type-product","3":"status-publish","4":"has-post-thumbnail","6":"product_cat-dernieres-pieces","7":"product_cat-vestes-manteaux","8":"pa_taille-l-40-2","9":"pa_taille-m-38-2","10":"pa_taille-s-36-2","11":"pa_taille-sur-mesure-fr-2","12":"pa_taille-xl-42-fr-2","13":"pa_taille-xs-34-2","15":"first","16":"outofstock","17":"taxable","18":"shipping-taxable","19":"purchasable","20":"product-type-variable"},"_links":{"self":[{"href":"https:\/\/maisoncleo.com\/fr\/wp-json\/wp\/v2\/product\/359554","targetHints":{"allow":["GET"]}}],"collection":[{"href":"https:\/\/maisoncleo.com\/fr\/wp-json\/wp\/v2\/product"}],"about":[{"href":"https:\/\/maisoncleo.com\/fr\/wp-json\/wp\/v2\/types\/product"}],"version-history":[{"count":1,"href":"https:\/\/maisoncleo.com\/fr\/wp-json\/wp\/v2\/product\/359554\/revisions"}],"predecessor-version":[{"id":361320,"href":"https:\/\/maisoncleo.com\/fr\/wp-json\/wp\/v2\/product\/359554\/revisions\/361320"}],"wp:featuredmedia":[{"embeddable":true,"href":"https:\/\/maisoncleo.com\/fr\/wp-json\/wp\/v2\/media\/340734"}],"wp:attachment":[{"href":"https:\/\/maisoncleo.com\/fr\/wp-json\/wp\/v2\/media?parent=359554"}],"wp:term":[{"taxonomy":"product_brand","embeddable":true,"href":"https:\/\/maisoncleo.com\/fr\/wp-json\/wp\/v2\/product_brand?post=359554"},{"taxonomy":"product_cat","embeddable":true,"href":"https:\/\/maisoncleo.com\/fr\/wp-json\/wp\/v2\/product_cat?post=359554"},{"taxonomy":"product_tag","embeddable":true,"href":"https:\/\/maisoncleo.com\/fr\/wp-json\/wp\/v2\/product_tag?post=359554"}],"curies":[{"name":"wp","href":"https:\/\/api.w.org\/{rel}","templated":true}]}}