{"id":359547,"date":"2024-09-09T20:13:06","date_gmt":"2024-09-10T12:36:19","guid":{"rendered":"https:\/\/maisoncleo.com\/\/?post_type=product&#038;p=359547"},"modified":"2024-09-10T21:09:24","modified_gmt":"2024-09-10T19:09:24","slug":"blouse-motifs-tartan-en-laine-melangee-leah","status":"publish","type":"product","link":"https:\/\/maisoncleo.com\/fr\/shop\/blouse-motifs-tartan-en-laine-melangee-leah\/","title":{"rendered":"Blouse motifs tartan en laine m\u00e9lang\u00e9e LEAH"},"content":{"rendered":"<p>Blouse \u00e0 motifs tartan noir, blanc, jaune et violet en laine, non doubl\u00e9e. Manches bouffantes, larges poignets, liens sur le devant et un double grand col pointu. Tissu limit\u00e9 provenant d&rsquo;une marque de pr\u00eat-\u00e0-porter d\u00e9fil\u00e9 connue. Nous pouvons faire 27 blouses dans cette quantit\u00e9 de tissu que nous avons.<\/p>\n<p>La mod\u00e8le mesure 1m72.<\/p>\n","protected":false},"excerpt":{"rendered":"<p>Blouse \u00e0 motifs tartan noir, blanc, jaune et violet en laine, non doubl\u00e9e. Manches bouffantes, larges poignets, liens sur le devant et&hellip;<\/p>\n","protected":false},"featured_media":339962,"template":"","meta":[],"product_brand":[],"product_cat":[663,667],"product_tag":[],"class_list":{"0":"post-359547","1":"product","2":"type-product","3":"status-publish","4":"has-post-thumbnail","6":"product_cat-blouses","7":"product_cat-dernieres-pieces","8":"pa_taille-l-40-2","9":"pa_taille-m-38-2","10":"pa_taille-s-36-2","11":"pa_taille-sur-mesure-fr-2","12":"pa_taille-xl-42-fr-2","13":"pa_taille-xs-34-2","15":"first","16":"instock","17":"taxable","18":"shipping-taxable","19":"purchasable","20":"product-type-variable"},"_links":{"self":[{"href":"https:\/\/maisoncleo.com\/fr\/wp-json\/wp\/v2\/product\/359547","targetHints":{"allow":["GET"]}}],"collection":[{"href":"https:\/\/maisoncleo.com\/fr\/wp-json\/wp\/v2\/product"}],"about":[{"href":"https:\/\/maisoncleo.com\/fr\/wp-json\/wp\/v2\/types\/product"}],"version-history":[{"count":1,"href":"https:\/\/maisoncleo.com\/fr\/wp-json\/wp\/v2\/product\/359547\/revisions"}],"predecessor-version":[{"id":360886,"href":"https:\/\/maisoncleo.com\/fr\/wp-json\/wp\/v2\/product\/359547\/revisions\/360886"}],"wp:featuredmedia":[{"embeddable":true,"href":"https:\/\/maisoncleo.com\/fr\/wp-json\/wp\/v2\/media\/339962"}],"wp:attachment":[{"href":"https:\/\/maisoncleo.com\/fr\/wp-json\/wp\/v2\/media?parent=359547"}],"wp:term":[{"taxonomy":"product_brand","embeddable":true,"href":"https:\/\/maisoncleo.com\/fr\/wp-json\/wp\/v2\/product_brand?post=359547"},{"taxonomy":"product_cat","embeddable":true,"href":"https:\/\/maisoncleo.com\/fr\/wp-json\/wp\/v2\/product_cat?post=359547"},{"taxonomy":"product_tag","embeddable":true,"href":"https:\/\/maisoncleo.com\/fr\/wp-json\/wp\/v2\/product_tag?post=359547"}],"curies":[{"name":"wp","href":"https:\/\/api.w.org\/{rel}","templated":true}]}}