{"id":359525,"date":"2024-09-09T20:13:05","date_gmt":"2024-09-10T12:34:46","guid":{"rendered":"https:\/\/maisoncleo.com\/\/?post_type=product&#038;p=359525"},"modified":"2024-09-10T21:09:42","modified_gmt":"2024-09-10T19:09:42","slug":"mini-jupe-prince-de-galles-gris-fonce-sophia","status":"publish","type":"product","link":"https:\/\/maisoncleo.com\/fr\/shop\/mini-jupe-prince-de-galles-gris-fonce-sophia\/","title":{"rendered":"Mini jupe prince de galles gris fonc\u00e9 SOPHIA"},"content":{"rendered":"<p>La mini jupe \u00e0 motifs Prince de Galles gris fonc\u00e9s, avec une fente sur le devant ! L\u00e9g\u00e8re coupe trap\u00e8ze avantageuse. Tissu en m\u00e9lange de laine et de coton. Zip dans le dos.<\/p>\n<p>Comme chaque pi\u00e8ce est fabriqu\u00e9e \u00e0 la commande, vous pouvez demander la longueur que vous souhaitez lors des commentaires au moment du panier lors de la commande.<\/p>\n<p>La mod\u00e8le mesure 1m74.<\/p>\n<p>&nbsp;<\/p>\n","protected":false},"excerpt":{"rendered":"<p>La mini jupe \u00e0 motifs Prince de Galles gris fonc\u00e9s, avec une fente sur le devant ! L\u00e9g\u00e8re coupe trap\u00e8ze avantageuse. Tissu&hellip;<\/p>\n","protected":false},"featured_media":340393,"template":"","meta":[],"product_brand":[],"product_cat":[667,672],"product_tag":[],"class_list":{"0":"post-359525","1":"product","2":"type-product","3":"status-publish","4":"has-post-thumbnail","6":"product_cat-dernieres-pieces","7":"product_cat-jupes","8":"pa_taille-l-40-2","9":"pa_taille-m-38-2","10":"pa_taille-s-36-2","11":"pa_taille-sur-mesure-fr-2","12":"pa_taille-xl-42-fr-2","13":"pa_taille-xs-34-2","15":"first","16":"instock","17":"taxable","18":"shipping-taxable","19":"purchasable","20":"product-type-variable"},"_links":{"self":[{"href":"https:\/\/maisoncleo.com\/fr\/wp-json\/wp\/v2\/product\/359525","targetHints":{"allow":["GET"]}}],"collection":[{"href":"https:\/\/maisoncleo.com\/fr\/wp-json\/wp\/v2\/product"}],"about":[{"href":"https:\/\/maisoncleo.com\/fr\/wp-json\/wp\/v2\/types\/product"}],"version-history":[{"count":1,"href":"https:\/\/maisoncleo.com\/fr\/wp-json\/wp\/v2\/product\/359525\/revisions"}],"predecessor-version":[{"id":361165,"href":"https:\/\/maisoncleo.com\/fr\/wp-json\/wp\/v2\/product\/359525\/revisions\/361165"}],"wp:featuredmedia":[{"embeddable":true,"href":"https:\/\/maisoncleo.com\/fr\/wp-json\/wp\/v2\/media\/340393"}],"wp:attachment":[{"href":"https:\/\/maisoncleo.com\/fr\/wp-json\/wp\/v2\/media?parent=359525"}],"wp:term":[{"taxonomy":"product_brand","embeddable":true,"href":"https:\/\/maisoncleo.com\/fr\/wp-json\/wp\/v2\/product_brand?post=359525"},{"taxonomy":"product_cat","embeddable":true,"href":"https:\/\/maisoncleo.com\/fr\/wp-json\/wp\/v2\/product_cat?post=359525"},{"taxonomy":"product_tag","embeddable":true,"href":"https:\/\/maisoncleo.com\/fr\/wp-json\/wp\/v2\/product_tag?post=359525"}],"curies":[{"name":"wp","href":"https:\/\/api.w.org\/{rel}","templated":true}]}}