{"id":359524,"date":"2024-09-09T20:13:05","date_gmt":"2024-09-10T12:34:45","guid":{"rendered":"https:\/\/maisoncleo.com\/\/?post_type=product&#038;p=359524"},"modified":"2024-09-10T21:09:31","modified_gmt":"2024-09-10T19:09:31","slug":"jupe-prune-effet-tweed-texture-sophia","status":"publish","type":"product","link":"https:\/\/maisoncleo.com\/fr\/shop\/jupe-prune-effet-tweed-texture-sophia\/","title":{"rendered":"Jupe prune effet tweed textur\u00e9 SOPHIA"},"content":{"rendered":"<p>Jupe prune effet tweed textur\u00e9 avec d\u00e9tails lilac, faite dans un tissu couture limit\u00e9, une fente milieu dos, coupe trap\u00e8ze, 2 poches c\u00f4t\u00e9s.<\/p>\n<p>La mod\u00e8le mesure 1m68.<\/p>\n<p>&nbsp;<\/p>\n","protected":false},"excerpt":{"rendered":"<p>Jupe prune effet tweed textur\u00e9 avec d\u00e9tails lilac, faite dans un tissu couture limit\u00e9, une fente milieu dos, coupe trap\u00e8ze, 2 poches&hellip;<\/p>\n","protected":false},"featured_media":340166,"template":"","meta":[],"product_brand":[],"product_cat":[667,672],"product_tag":[],"class_list":{"0":"post-359524","1":"product","2":"type-product","3":"status-publish","4":"has-post-thumbnail","6":"product_cat-dernieres-pieces","7":"product_cat-jupes","8":"pa_taille-l-40-2","9":"pa_taille-m-38-2","10":"pa_taille-s-36-2","11":"pa_taille-sur-mesure-fr-2","12":"pa_taille-xl-42-fr-2","13":"pa_taille-xs-34-2","15":"first","16":"instock","17":"taxable","18":"shipping-taxable","19":"purchasable","20":"product-type-variable"},"_links":{"self":[{"href":"https:\/\/maisoncleo.com\/fr\/wp-json\/wp\/v2\/product\/359524","targetHints":{"allow":["GET"]}}],"collection":[{"href":"https:\/\/maisoncleo.com\/fr\/wp-json\/wp\/v2\/product"}],"about":[{"href":"https:\/\/maisoncleo.com\/fr\/wp-json\/wp\/v2\/types\/product"}],"version-history":[{"count":1,"href":"https:\/\/maisoncleo.com\/fr\/wp-json\/wp\/v2\/product\/359524\/revisions"}],"predecessor-version":[{"id":360954,"href":"https:\/\/maisoncleo.com\/fr\/wp-json\/wp\/v2\/product\/359524\/revisions\/360954"}],"wp:featuredmedia":[{"embeddable":true,"href":"https:\/\/maisoncleo.com\/fr\/wp-json\/wp\/v2\/media\/340166"}],"wp:attachment":[{"href":"https:\/\/maisoncleo.com\/fr\/wp-json\/wp\/v2\/media?parent=359524"}],"wp:term":[{"taxonomy":"product_brand","embeddable":true,"href":"https:\/\/maisoncleo.com\/fr\/wp-json\/wp\/v2\/product_brand?post=359524"},{"taxonomy":"product_cat","embeddable":true,"href":"https:\/\/maisoncleo.com\/fr\/wp-json\/wp\/v2\/product_cat?post=359524"},{"taxonomy":"product_tag","embeddable":true,"href":"https:\/\/maisoncleo.com\/fr\/wp-json\/wp\/v2\/product_tag?post=359524"}],"curies":[{"name":"wp","href":"https:\/\/api.w.org\/{rel}","templated":true}]}}