{"id":359523,"date":"2024-09-09T20:13:05","date_gmt":"2024-09-10T12:34:45","guid":{"rendered":"https:\/\/maisoncleo.com\/\/?post_type=product&#038;p=359523"},"modified":"2024-09-10T21:08:15","modified_gmt":"2024-09-10T19:08:15","slug":"mini-jupe-rose-vichy-sophia","status":"publish","type":"product","link":"https:\/\/maisoncleo.com\/fr\/shop\/mini-jupe-rose-vichy-sophia\/","title":{"rendered":"Mini jupe rose vichy SOPHIA"},"content":{"rendered":"<p>La mini jupe en coton vichy rose, avec une fente sur le devant ! L\u00e9g\u00e8re coupe trap\u00e8ze. 100% cotton. Zip dans le dos.<\/p>\n<p>La mod\u00e8le mesure 1m71.<\/p>\n","protected":false},"excerpt":{"rendered":"<p>La mini jupe en coton vichy rose, avec une fente sur le devant ! L\u00e9g\u00e8re coupe trap\u00e8ze. 100% cotton. Zip dans le&hellip;<\/p>\n","protected":false},"featured_media":338689,"template":"","meta":[],"product_brand":[],"product_cat":[667,672,661],"product_tag":[],"class_list":{"0":"post-359523","1":"product","2":"type-product","3":"status-publish","4":"has-post-thumbnail","6":"product_cat-dernieres-pieces","7":"product_cat-jupes","8":"product_cat-tout-voir","9":"pa_taille-l-40-2","10":"pa_taille-m-38-2","11":"pa_taille-s-36-2","12":"pa_taille-sur-mesure-fr-2","13":"pa_taille-xl-42-fr-2","14":"pa_taille-xs-34-2","16":"first","17":"instock","18":"taxable","19":"shipping-taxable","20":"purchasable","21":"product-type-variable"},"_links":{"self":[{"href":"https:\/\/maisoncleo.com\/fr\/wp-json\/wp\/v2\/product\/359523","targetHints":{"allow":["GET"]}}],"collection":[{"href":"https:\/\/maisoncleo.com\/fr\/wp-json\/wp\/v2\/product"}],"about":[{"href":"https:\/\/maisoncleo.com\/fr\/wp-json\/wp\/v2\/types\/product"}],"version-history":[{"count":1,"href":"https:\/\/maisoncleo.com\/fr\/wp-json\/wp\/v2\/product\/359523\/revisions"}],"predecessor-version":[{"id":360261,"href":"https:\/\/maisoncleo.com\/fr\/wp-json\/wp\/v2\/product\/359523\/revisions\/360261"}],"wp:featuredmedia":[{"embeddable":true,"href":"https:\/\/maisoncleo.com\/fr\/wp-json\/wp\/v2\/media\/338689"}],"wp:attachment":[{"href":"https:\/\/maisoncleo.com\/fr\/wp-json\/wp\/v2\/media?parent=359523"}],"wp:term":[{"taxonomy":"product_brand","embeddable":true,"href":"https:\/\/maisoncleo.com\/fr\/wp-json\/wp\/v2\/product_brand?post=359523"},{"taxonomy":"product_cat","embeddable":true,"href":"https:\/\/maisoncleo.com\/fr\/wp-json\/wp\/v2\/product_cat?post=359523"},{"taxonomy":"product_tag","embeddable":true,"href":"https:\/\/maisoncleo.com\/fr\/wp-json\/wp\/v2\/product_tag?post=359523"}],"curies":[{"name":"wp","href":"https:\/\/api.w.org\/{rel}","templated":true}]}}