{"id":359522,"date":"2024-09-09T20:13:05","date_gmt":"2024-09-10T12:34:45","guid":{"rendered":"https:\/\/maisoncleo.com\/\/?post_type=product&#038;p=359522"},"modified":"2025-08-31T15:05:05","modified_gmt":"2025-08-31T13:05:05","slug":"mini-jupe-en-jean-sophia","status":"publish","type":"product","link":"https:\/\/maisoncleo.com\/fr\/shop\/mini-jupe-en-jean-sophia\/","title":{"rendered":"Mini jupe en jean SOPHIA"},"content":{"rendered":"<p>La mini jupe en jean bleu, avec une fente sur le devant ! L\u00e9g\u00e8re coupe trap\u00e8ze avantageuse. 100% cotton. Zip dans le dos.<\/p>\n<p>Comme chaque pi\u00e8ce est fabriqu\u00e9e \u00e0 la commande, vous pouvez demander la longueur que vous souhaitez lors des commentaires au moment du panier lors de la commande.<\/p>\n<p>(Veuillez noter que nous ne nous procurons que des tissus d\u00e9stock\u00e9s, donc le ton du jean denim bleu peut l\u00e9g\u00e8rement varier).<\/p>\n<p>La mod\u00e8le mesure 1m72.<\/p>\n","protected":false},"excerpt":{"rendered":"<p>La mini jupe en jean bleu, avec une fente sur le devant ! L\u00e9g\u00e8re coupe trap\u00e8ze avantageuse. 100% cotton. Zip dans le&hellip;<\/p>\n","protected":false},"featured_media":337604,"template":"","meta":[],"product_brand":[],"product_cat":[662,667,672],"product_tag":[],"class_list":{"0":"post-359522","1":"product","2":"type-product","3":"status-publish","4":"has-post-thumbnail","6":"product_cat-basiques","7":"product_cat-dernieres-pieces","8":"product_cat-jupes","9":"pa_taille-l-40-2","10":"pa_taille-m-38-2","11":"pa_taille-s-36-2","12":"pa_taille-sur-mesure-fr-2","13":"pa_taille-xl-42-fr-2","14":"pa_taille-xs-34-2","16":"first","17":"instock","18":"taxable","19":"shipping-taxable","20":"purchasable","21":"product-type-variable"},"_links":{"self":[{"href":"https:\/\/maisoncleo.com\/fr\/wp-json\/wp\/v2\/product\/359522","targetHints":{"allow":["GET"]}}],"collection":[{"href":"https:\/\/maisoncleo.com\/fr\/wp-json\/wp\/v2\/product"}],"about":[{"href":"https:\/\/maisoncleo.com\/fr\/wp-json\/wp\/v2\/types\/product"}],"version-history":[{"count":1,"href":"https:\/\/maisoncleo.com\/fr\/wp-json\/wp\/v2\/product\/359522\/revisions"}],"predecessor-version":[{"id":359572,"href":"https:\/\/maisoncleo.com\/fr\/wp-json\/wp\/v2\/product\/359522\/revisions\/359572"}],"wp:featuredmedia":[{"embeddable":true,"href":"https:\/\/maisoncleo.com\/fr\/wp-json\/wp\/v2\/media\/337604"}],"wp:attachment":[{"href":"https:\/\/maisoncleo.com\/fr\/wp-json\/wp\/v2\/media?parent=359522"}],"wp:term":[{"taxonomy":"product_brand","embeddable":true,"href":"https:\/\/maisoncleo.com\/fr\/wp-json\/wp\/v2\/product_brand?post=359522"},{"taxonomy":"product_cat","embeddable":true,"href":"https:\/\/maisoncleo.com\/fr\/wp-json\/wp\/v2\/product_cat?post=359522"},{"taxonomy":"product_tag","embeddable":true,"href":"https:\/\/maisoncleo.com\/fr\/wp-json\/wp\/v2\/product_tag?post=359522"}],"curies":[{"name":"wp","href":"https:\/\/api.w.org\/{rel}","templated":true}]}}