{"id":359521,"date":"2024-09-09T20:13:05","date_gmt":"2024-09-10T12:34:45","guid":{"rendered":"https:\/\/maisoncleo.com\/\/?post_type=product&#038;p=359521"},"modified":"2024-09-10T21:07:13","modified_gmt":"2024-09-10T19:07:13","slug":"veste-en-jean-sophia","status":"publish","type":"product","link":"https:\/\/maisoncleo.com\/fr\/shop\/veste-en-jean-sophia\/","title":{"rendered":"Veste en jean SOPHIA"},"content":{"rendered":"<p>Veste crop en jean, coupe ajust\u00e9e, manches longues bouffantes, boutons argent\u00e9s, non doubl\u00e9e, col rond. 100% coton.<\/p>\n","protected":false},"excerpt":{"rendered":"<p>Veste crop en jean, coupe ajust\u00e9e, manches longues bouffantes, boutons argent\u00e9s, non doubl\u00e9e, col rond. 100% coton.<\/p>\n","protected":false},"featured_media":337580,"template":"","meta":[],"product_brand":[],"product_cat":[662,667,661,665],"product_tag":[],"class_list":{"0":"post-359521","1":"product","2":"type-product","3":"status-publish","4":"has-post-thumbnail","6":"product_cat-basiques","7":"product_cat-dernieres-pieces","8":"product_cat-tout-voir","9":"product_cat-vestes-manteaux","10":"pa_taille-l-40-2","11":"pa_taille-m-38-2","12":"pa_taille-s-36-2","13":"pa_taille-sur-mesure-fr-2","14":"pa_taille-xl-42-fr-2","15":"pa_taille-xs-34-2","17":"first","18":"instock","19":"taxable","20":"shipping-taxable","21":"purchasable","22":"product-type-variable"},"_links":{"self":[{"href":"https:\/\/maisoncleo.com\/fr\/wp-json\/wp\/v2\/product\/359521","targetHints":{"allow":["GET"]}}],"collection":[{"href":"https:\/\/maisoncleo.com\/fr\/wp-json\/wp\/v2\/product"}],"about":[{"href":"https:\/\/maisoncleo.com\/fr\/wp-json\/wp\/v2\/types\/product"}],"version-history":[{"count":1,"href":"https:\/\/maisoncleo.com\/fr\/wp-json\/wp\/v2\/product\/359521\/revisions"}],"predecessor-version":[{"id":359558,"href":"https:\/\/maisoncleo.com\/fr\/wp-json\/wp\/v2\/product\/359521\/revisions\/359558"}],"wp:featuredmedia":[{"embeddable":true,"href":"https:\/\/maisoncleo.com\/fr\/wp-json\/wp\/v2\/media\/337580"}],"wp:attachment":[{"href":"https:\/\/maisoncleo.com\/fr\/wp-json\/wp\/v2\/media?parent=359521"}],"wp:term":[{"taxonomy":"product_brand","embeddable":true,"href":"https:\/\/maisoncleo.com\/fr\/wp-json\/wp\/v2\/product_brand?post=359521"},{"taxonomy":"product_cat","embeddable":true,"href":"https:\/\/maisoncleo.com\/fr\/wp-json\/wp\/v2\/product_cat?post=359521"},{"taxonomy":"product_tag","embeddable":true,"href":"https:\/\/maisoncleo.com\/fr\/wp-json\/wp\/v2\/product_tag?post=359521"}],"curies":[{"name":"wp","href":"https:\/\/api.w.org\/{rel}","templated":true}]}}