{"id":359514,"date":"2024-09-09T20:13:05","date_gmt":"2024-09-10T12:34:45","guid":{"rendered":"https:\/\/maisoncleo.com\/\/?post_type=product&#038;p=359514"},"modified":"2024-09-27T20:18:06","modified_gmt":"2024-09-27T18:18:06","slug":"cardigan-en-laine-carreaux-verts-sophia","status":"publish","type":"product","link":"https:\/\/maisoncleo.com\/fr\/shop\/cardigan-en-laine-carreaux-verts-sophia\/","title":{"rendered":"Cardigan en laine carreaux verts SOPHIA"},"content":{"rendered":"<p>Crop top en laine \u00e9paisse \u00e0 carreaux verts, non doubl\u00e9. Parfait pour porter au dessus d&rsquo;un pull col roul\u00e9 l&rsquo;hiver!<\/p>\n<p>Nous pouvons en faire 6 dans ce tissu.<\/p>\n","protected":false},"excerpt":{"rendered":"<p>Crop top en laine \u00e9paisse \u00e0 carreaux verts, non doubl\u00e9. Parfait pour porter au dessus d&rsquo;un pull col roul\u00e9 l&rsquo;hiver! Nous pouvons&hellip;<\/p>\n","protected":false},"featured_media":337556,"template":"","meta":[],"product_brand":[],"product_cat":[683,667,661],"product_tag":[],"class_list":{"0":"post-359514","1":"product","2":"type-product","3":"status-publish","4":"has-post-thumbnail","6":"product_cat-cardigans","7":"product_cat-dernieres-pieces","8":"product_cat-tout-voir","9":"pa_taille-l-40-2","10":"pa_taille-m-38-2","11":"pa_taille-s-36-2","12":"pa_taille-sur-mesure-fr-2","13":"pa_taille-xl-42-fr-2","14":"pa_taille-xs-34-2","16":"first","17":"outofstock","18":"taxable","19":"shipping-taxable","20":"purchasable","21":"product-type-variable"},"_links":{"self":[{"href":"https:\/\/maisoncleo.com\/fr\/wp-json\/wp\/v2\/product\/359514","targetHints":{"allow":["GET"]}}],"collection":[{"href":"https:\/\/maisoncleo.com\/fr\/wp-json\/wp\/v2\/product"}],"about":[{"href":"https:\/\/maisoncleo.com\/fr\/wp-json\/wp\/v2\/types\/product"}],"version-history":[{"count":1,"href":"https:\/\/maisoncleo.com\/fr\/wp-json\/wp\/v2\/product\/359514\/revisions"}],"predecessor-version":[{"id":359557,"href":"https:\/\/maisoncleo.com\/fr\/wp-json\/wp\/v2\/product\/359514\/revisions\/359557"}],"wp:featuredmedia":[{"embeddable":true,"href":"https:\/\/maisoncleo.com\/fr\/wp-json\/wp\/v2\/media\/337556"}],"wp:attachment":[{"href":"https:\/\/maisoncleo.com\/fr\/wp-json\/wp\/v2\/media?parent=359514"}],"wp:term":[{"taxonomy":"product_brand","embeddable":true,"href":"https:\/\/maisoncleo.com\/fr\/wp-json\/wp\/v2\/product_brand?post=359514"},{"taxonomy":"product_cat","embeddable":true,"href":"https:\/\/maisoncleo.com\/fr\/wp-json\/wp\/v2\/product_cat?post=359514"},{"taxonomy":"product_tag","embeddable":true,"href":"https:\/\/maisoncleo.com\/fr\/wp-json\/wp\/v2\/product_tag?post=359514"}],"curies":[{"name":"wp","href":"https:\/\/api.w.org\/{rel}","templated":true}]}}