{"id":359131,"date":"2024-09-09T19:52:42","date_gmt":"2024-09-09T17:52:42","guid":{"rendered":"https:\/\/maisoncleo.com\/\/?post_type=product&#038;p=359131"},"modified":"2024-09-10T21:07:04","modified_gmt":"2024-09-10T19:07:04","slug":"blouse-en-soie-sauvage-ivoire-vanessa","status":"publish","type":"product","link":"https:\/\/maisoncleo.com\/fr\/shop\/blouse-en-soie-sauvage-ivoire-vanessa\/","title":{"rendered":"Blouse en soie sauvage ivoire VANESSA"},"content":{"rendered":"<p>La blouse Vanessa, deux liens sur le devant, cintr\u00e9e, d\u00e9collet\u00e9 en V, manches courtes bouffantes. 100% soie sauvage.<\/p>\n<p>La mod\u00e8le mesure 1m71.<\/p>\n","protected":false},"excerpt":{"rendered":"<p>La blouse Vanessa, deux liens sur le devant, cintr\u00e9e, d\u00e9collet\u00e9 en V, manches courtes bouffantes. 100% soie sauvage. La mod\u00e8le mesure 1m71.<\/p>\n","protected":false},"featured_media":337325,"template":"","meta":[],"product_brand":[],"product_cat":[662,663,667,958,661],"product_tag":[],"class_list":{"0":"post-359131","1":"product","2":"type-product","3":"status-publish","4":"has-post-thumbnail","6":"product_cat-basiques","7":"product_cat-blouses","8":"product_cat-dernieres-pieces","9":"product_cat-mariage-selection","10":"product_cat-tout-voir","11":"pa_taille-l-40-2","12":"pa_taille-m-38-2","13":"pa_taille-s-36-2","14":"pa_taille-sur-mesure-fr-2","15":"pa_taille-xl-42-fr-2","16":"pa_taille-xs-34-2","18":"first","19":"instock","20":"taxable","21":"shipping-taxable","22":"purchasable","23":"product-type-variable"},"_links":{"self":[{"href":"https:\/\/maisoncleo.com\/fr\/wp-json\/wp\/v2\/product\/359131","targetHints":{"allow":["GET"]}}],"collection":[{"href":"https:\/\/maisoncleo.com\/fr\/wp-json\/wp\/v2\/product"}],"about":[{"href":"https:\/\/maisoncleo.com\/fr\/wp-json\/wp\/v2\/types\/product"}],"version-history":[{"count":1,"href":"https:\/\/maisoncleo.com\/fr\/wp-json\/wp\/v2\/product\/359131\/revisions"}],"predecessor-version":[{"id":359342,"href":"https:\/\/maisoncleo.com\/fr\/wp-json\/wp\/v2\/product\/359131\/revisions\/359342"}],"wp:featuredmedia":[{"embeddable":true,"href":"https:\/\/maisoncleo.com\/fr\/wp-json\/wp\/v2\/media\/337325"}],"wp:attachment":[{"href":"https:\/\/maisoncleo.com\/fr\/wp-json\/wp\/v2\/media?parent=359131"}],"wp:term":[{"taxonomy":"product_brand","embeddable":true,"href":"https:\/\/maisoncleo.com\/fr\/wp-json\/wp\/v2\/product_brand?post=359131"},{"taxonomy":"product_cat","embeddable":true,"href":"https:\/\/maisoncleo.com\/fr\/wp-json\/wp\/v2\/product_cat?post=359131"},{"taxonomy":"product_tag","embeddable":true,"href":"https:\/\/maisoncleo.com\/fr\/wp-json\/wp\/v2\/product_tag?post=359131"}],"curies":[{"name":"wp","href":"https:\/\/api.w.org\/{rel}","templated":true}]}}