{"id":359121,"date":"2024-09-09T19:52:42","date_gmt":"2024-09-10T12:09:30","guid":{"rendered":"https:\/\/maisoncleo.com\/\/?post_type=product&#038;p=359121"},"modified":"2024-09-10T21:07:03","modified_gmt":"2024-09-10T19:07:03","slug":"long-gilet-en-soie-volants-gabrielle","status":"publish","type":"product","link":"https:\/\/maisoncleo.com\/fr\/shop\/long-gilet-en-soie-volants-gabrielle\/","title":{"rendered":"Long gilet en soie volants GABRIELLE"},"content":{"rendered":"<p>Long gilet en mousseline soie noir avec volants sur le devant et les poignets. Volants vintage. Nous pouvons en faire 5. 100% soie. Mon gilet de r\u00eave transparent d&rsquo;\u00e9t\u00e9.<\/p>\n<p>La mod\u00e8le mesure 1m78.<\/p>\n","protected":false},"excerpt":{"rendered":"<p>Long gilet en mousseline soie noir avec volants sur le devant et les poignets. Volants vintage. Nous pouvons en faire 5. 100%&hellip;<\/p>\n","protected":false},"featured_media":337310,"template":"","meta":[],"product_brand":[],"product_cat":[683,667,661],"product_tag":[],"class_list":{"0":"post-359121","1":"product","2":"type-product","3":"status-publish","4":"has-post-thumbnail","6":"product_cat-cardigans","7":"product_cat-dernieres-pieces","8":"product_cat-tout-voir","9":"pa_taille-l-40-2","10":"pa_taille-m-38-2","11":"pa_taille-s-36-2","12":"pa_taille-sur-mesure-fr-2","13":"pa_taille-xl-42-fr-2","14":"pa_taille-xs-34-2","16":"first","17":"instock","18":"taxable","19":"shipping-taxable","20":"purchasable","21":"product-type-variable"},"_links":{"self":[{"href":"https:\/\/maisoncleo.com\/fr\/wp-json\/wp\/v2\/product\/359121","targetHints":{"allow":["GET"]}}],"collection":[{"href":"https:\/\/maisoncleo.com\/fr\/wp-json\/wp\/v2\/product"}],"about":[{"href":"https:\/\/maisoncleo.com\/fr\/wp-json\/wp\/v2\/types\/product"}],"version-history":[{"count":1,"href":"https:\/\/maisoncleo.com\/fr\/wp-json\/wp\/v2\/product\/359121\/revisions"}],"predecessor-version":[{"id":359341,"href":"https:\/\/maisoncleo.com\/fr\/wp-json\/wp\/v2\/product\/359121\/revisions\/359341"}],"wp:featuredmedia":[{"embeddable":true,"href":"https:\/\/maisoncleo.com\/fr\/wp-json\/wp\/v2\/media\/337310"}],"wp:attachment":[{"href":"https:\/\/maisoncleo.com\/fr\/wp-json\/wp\/v2\/media?parent=359121"}],"wp:term":[{"taxonomy":"product_brand","embeddable":true,"href":"https:\/\/maisoncleo.com\/fr\/wp-json\/wp\/v2\/product_brand?post=359121"},{"taxonomy":"product_cat","embeddable":true,"href":"https:\/\/maisoncleo.com\/fr\/wp-json\/wp\/v2\/product_cat?post=359121"},{"taxonomy":"product_tag","embeddable":true,"href":"https:\/\/maisoncleo.com\/fr\/wp-json\/wp\/v2\/product_tag?post=359121"}],"curies":[{"name":"wp","href":"https:\/\/api.w.org\/{rel}","templated":true}]}}