{"id":359080,"date":"2024-09-09T22:27:33","date_gmt":"2024-09-10T12:06:56","guid":{"rendered":"https:\/\/maisoncleo.com\/\/?post_type=product&#038;p=359080"},"modified":"2024-12-21T10:10:39","modified_gmt":"2024-12-21T08:10:39","slug":"manteau-leopard-en-laine-douce-avec-fausse-fourrure-noire-chloe","status":"publish","type":"product","link":"https:\/\/maisoncleo.com\/fr\/shop\/manteau-leopard-en-laine-douce-avec-fausse-fourrure-noire-chloe\/","title":{"rendered":"Manteau l\u00e9opard en laine douce avec fausse fourrure noire CHLOE"},"content":{"rendered":"<p>Manteau l\u00e9opard, mi-long, manches longues. 100% laine douce. La fausse fourrure provient d&rsquo;une maison de Haute-Couture fran\u00e7aise! Ma m\u00e8re a besoin d\u2019environ 6 heures pour en faire un. Nous ne pouvons en faire que trois dans ce tissu. Doubl\u00e9 soie.<\/p>\n<p>La mod\u00e8le mesure 1m65.<\/p>\n<p>A noter : Les nouveaux manteaux seront faits dans notre nouveau tissu l\u00e9opard visible sur la derni\u00e8re photo.<\/p>\n","protected":false},"excerpt":{"rendered":"<p>Manteau l\u00e9opard, mi-long, manches longues. 100% laine douce. La fausse fourrure provient d&rsquo;une maison de Haute-Couture fran\u00e7aise! Ma m\u00e8re a besoin d\u2019environ&hellip;<\/p>\n","protected":false},"featured_media":340681,"template":"","meta":[],"product_brand":[],"product_cat":[667,960,665],"product_tag":[],"class_list":{"0":"post-359080","1":"product","2":"type-product","3":"status-publish","4":"has-post-thumbnail","6":"product_cat-dernieres-pieces","7":"product_cat-leopard-selection","8":"product_cat-vestes-manteaux","10":"first","11":"instock","12":"taxable","13":"shipping-taxable","14":"purchasable","15":"product-type-variable"},"_links":{"self":[{"href":"https:\/\/maisoncleo.com\/fr\/wp-json\/wp\/v2\/product\/359080","targetHints":{"allow":["GET"]}}],"collection":[{"href":"https:\/\/maisoncleo.com\/fr\/wp-json\/wp\/v2\/product"}],"about":[{"href":"https:\/\/maisoncleo.com\/fr\/wp-json\/wp\/v2\/types\/product"}],"version-history":[{"count":2,"href":"https:\/\/maisoncleo.com\/fr\/wp-json\/wp\/v2\/product\/359080\/revisions"}],"predecessor-version":[{"id":378728,"href":"https:\/\/maisoncleo.com\/fr\/wp-json\/wp\/v2\/product\/359080\/revisions\/378728"}],"wp:featuredmedia":[{"embeddable":true,"href":"https:\/\/maisoncleo.com\/fr\/wp-json\/wp\/v2\/media\/340681"}],"wp:attachment":[{"href":"https:\/\/maisoncleo.com\/fr\/wp-json\/wp\/v2\/media?parent=359080"}],"wp:term":[{"taxonomy":"product_brand","embeddable":true,"href":"https:\/\/maisoncleo.com\/fr\/wp-json\/wp\/v2\/product_brand?post=359080"},{"taxonomy":"product_cat","embeddable":true,"href":"https:\/\/maisoncleo.com\/fr\/wp-json\/wp\/v2\/product_cat?post=359080"},{"taxonomy":"product_tag","embeddable":true,"href":"https:\/\/maisoncleo.com\/fr\/wp-json\/wp\/v2\/product_tag?post=359080"}],"curies":[{"name":"wp","href":"https:\/\/api.w.org\/{rel}","templated":true}]}}