{"id":359078,"date":"2024-09-09T19:52:39","date_gmt":"2024-09-10T12:06:56","guid":{"rendered":"https:\/\/maisoncleo.com\/\/?post_type=product&#038;p=359078"},"modified":"2024-09-10T21:11:01","modified_gmt":"2024-09-10T19:11:01","slug":"runway-look-19-ceinture-chaine-argentee-avec-pendants-coeurs-et-dauphins","status":"publish","type":"product","link":"https:\/\/maisoncleo.com\/fr\/shop\/runway-look-19-ceinture-chaine-argentee-avec-pendants-coeurs-et-dauphins\/","title":{"rendered":"RUNWAY LOOK 19 &#8211; Ceinture cha\u00eene argent\u00e9e avec pendants coeurs et dauphins"},"content":{"rendered":"<p>Ceinture cha\u00eene en argent mini avec pendants coeurs et dauphins. Fabriqu\u00e9e \u00e0 la commande et dans la longueur que vous souhaitez.<\/p>\n<p>LOOK 19 issu de notre premier d\u00e9fil\u00e9 \u00ab\u00a0Premi\u00e8re Fois\u00a0\u00bb en mars 2022.<\/p>\n<p>La mod\u00e8le mesure 1m75 et porte une taille S-36.<\/p>\n<p>&nbsp;<\/p>\n<p>&nbsp;<\/p>\n","protected":false},"excerpt":{"rendered":"<p>Ceinture cha\u00eene en argent mini avec pendants coeurs et dauphins. Fabriqu\u00e9e \u00e0 la commande et dans la longueur que vous souhaitez. LOOK&hellip;<\/p>\n","protected":false},"featured_media":341867,"template":"","meta":[],"product_brand":[],"product_cat":[651,669,653,671,667,661],"product_tag":[],"class_list":{"0":"post-359078","1":"product","2":"type-product","3":"status-publish","4":"has-post-thumbnail","6":"product_cat-accessoires","7":"product_cat-always-buyable-fr","8":"product_cat-ceintures","9":"product_cat-defiles","10":"product_cat-dernieres-pieces","11":"product_cat-tout-voir","12":"pa_taille-l-40-2","13":"pa_taille-m-38-2","14":"pa_taille-s-36-2","15":"pa_taille-xl-42-fr-2","16":"pa_taille-xs-34-2","17":"pa_taille-xxs-32-2","19":"first","20":"outofstock","21":"taxable","22":"shipping-taxable","23":"purchasable","24":"product-type-variable"},"_links":{"self":[{"href":"https:\/\/maisoncleo.com\/fr\/wp-json\/wp\/v2\/product\/359078","targetHints":{"allow":["GET"]}}],"collection":[{"href":"https:\/\/maisoncleo.com\/fr\/wp-json\/wp\/v2\/product"}],"about":[{"href":"https:\/\/maisoncleo.com\/fr\/wp-json\/wp\/v2\/types\/product"}],"version-history":[{"count":1,"href":"https:\/\/maisoncleo.com\/fr\/wp-json\/wp\/v2\/product\/359078\/revisions"}],"predecessor-version":[{"id":361730,"href":"https:\/\/maisoncleo.com\/fr\/wp-json\/wp\/v2\/product\/359078\/revisions\/361730"}],"wp:featuredmedia":[{"embeddable":true,"href":"https:\/\/maisoncleo.com\/fr\/wp-json\/wp\/v2\/media\/341867"}],"wp:attachment":[{"href":"https:\/\/maisoncleo.com\/fr\/wp-json\/wp\/v2\/media?parent=359078"}],"wp:term":[{"taxonomy":"product_brand","embeddable":true,"href":"https:\/\/maisoncleo.com\/fr\/wp-json\/wp\/v2\/product_brand?post=359078"},{"taxonomy":"product_cat","embeddable":true,"href":"https:\/\/maisoncleo.com\/fr\/wp-json\/wp\/v2\/product_cat?post=359078"},{"taxonomy":"product_tag","embeddable":true,"href":"https:\/\/maisoncleo.com\/fr\/wp-json\/wp\/v2\/product_tag?post=359078"}],"curies":[{"name":"wp","href":"https:\/\/api.w.org\/{rel}","templated":true}]}}