{"id":359074,"date":"2024-09-09T19:52:39","date_gmt":"2024-09-09T17:52:39","guid":{"rendered":"https:\/\/maisoncleo.com\/\/?post_type=product&#038;p=359074"},"modified":"2025-05-18T18:56:03","modified_gmt":"2025-05-18T16:56:03","slug":"blouse-coton-blanc-anita","status":"publish","type":"product","link":"https:\/\/maisoncleo.com\/fr\/shop\/blouse-coton-blanc-anita\/","title":{"rendered":"Blouse coton blanc ANITA"},"content":{"rendered":"<p>Blouse blanche \u00e0 porter en deux fa\u00e7ons. \u00c0 nouer sur la poitrine ou dans le dos. 100% coton, petit col rond, manches courtes larges bouffantes, larges poign\u00e9es resserr\u00e9s.<\/p>\n<p>Fabriqu\u00e9e \u00e0 la main dans notre atelier du Nord de la France.<\/p>\n","protected":false},"excerpt":{"rendered":"<p>Blouse blanche \u00e0 porter en deux fa\u00e7ons. \u00c0 nouer sur la poitrine ou dans le dos. 100% coton, petit col rond, manches&hellip;<\/p>\n","protected":false},"featured_media":336202,"template":"","meta":[],"product_brand":[],"product_cat":[662,663,667,661],"product_tag":[],"class_list":{"0":"post-359074","1":"product","2":"type-product","3":"status-publish","4":"has-post-thumbnail","6":"product_cat-basiques","7":"product_cat-blouses","8":"product_cat-dernieres-pieces","9":"product_cat-tout-voir","10":"pa_taille-l-40-2","11":"pa_taille-m-38-2","12":"pa_taille-s-36-2","13":"pa_taille-sur-mesure-fr-2","14":"pa_taille-xl-42-fr-2","15":"pa_taille-xs-34-2","17":"first","18":"instock","19":"taxable","20":"shipping-taxable","21":"purchasable","22":"product-type-variable"},"_links":{"self":[{"href":"https:\/\/maisoncleo.com\/fr\/wp-json\/wp\/v2\/product\/359074","targetHints":{"allow":["GET"]}}],"collection":[{"href":"https:\/\/maisoncleo.com\/fr\/wp-json\/wp\/v2\/product"}],"about":[{"href":"https:\/\/maisoncleo.com\/fr\/wp-json\/wp\/v2\/types\/product"}],"version-history":[{"count":1,"href":"https:\/\/maisoncleo.com\/fr\/wp-json\/wp\/v2\/product\/359074\/revisions"}],"predecessor-version":[{"id":359227,"href":"https:\/\/maisoncleo.com\/fr\/wp-json\/wp\/v2\/product\/359074\/revisions\/359227"}],"wp:featuredmedia":[{"embeddable":true,"href":"https:\/\/maisoncleo.com\/fr\/wp-json\/wp\/v2\/media\/336202"}],"wp:attachment":[{"href":"https:\/\/maisoncleo.com\/fr\/wp-json\/wp\/v2\/media?parent=359074"}],"wp:term":[{"taxonomy":"product_brand","embeddable":true,"href":"https:\/\/maisoncleo.com\/fr\/wp-json\/wp\/v2\/product_brand?post=359074"},{"taxonomy":"product_cat","embeddable":true,"href":"https:\/\/maisoncleo.com\/fr\/wp-json\/wp\/v2\/product_cat?post=359074"},{"taxonomy":"product_tag","embeddable":true,"href":"https:\/\/maisoncleo.com\/fr\/wp-json\/wp\/v2\/product_tag?post=359074"}],"curies":[{"name":"wp","href":"https:\/\/api.w.org\/{rel}","templated":true}]}}