{"id":359067,"date":"2024-09-09T19:52:39","date_gmt":"2024-09-10T12:06:55","guid":{"rendered":"https:\/\/maisoncleo.com\/\/?post_type=product&#038;p=359067"},"modified":"2024-09-10T21:07:54","modified_gmt":"2024-09-10T19:07:54","slug":"blouse-en-coton-blanc-julie","status":"publish","type":"product","link":"https:\/\/maisoncleo.com\/fr\/shop\/blouse-en-coton-blanc-julie\/","title":{"rendered":"Blouse en coton blanc JULIE"},"content":{"rendered":"<p id=\"tw-target-text\" class=\"tw-data-text tw-text-large XcVN5d tw-ta\" dir=\"ltr\" data-placeholder=\"Traduction\"><span class=\"Y2IQFc\" lang=\"fr\">Blouse \u00e0 porter de deux mani\u00e8res diff\u00e9rentes, \u00e0 nouer sur la poitrine ou dans le dos. Col pointu, larges manches bouffantes, larges poignets. 100% Coton. <\/span><\/p>\n<p>Fabriqu\u00e9e \u00e0 la main dans notre atelier du Nord de la France.<\/p>\n<p dir=\"ltr\" data-placeholder=\"Traduction\">La mod\u00e8le mesure 1m71.<\/p>\n","protected":false},"excerpt":{"rendered":"<p>Blouse \u00e0 porter de deux mani\u00e8res diff\u00e9rentes, \u00e0 nouer sur la poitrine ou dans le dos. Col pointu, larges manches bouffantes, larges&hellip;<\/p>\n","protected":false},"featured_media":338302,"template":"","meta":[],"product_brand":[],"product_cat":[662,663,667,661],"product_tag":[],"class_list":{"0":"post-359067","1":"product","2":"type-product","3":"status-publish","4":"has-post-thumbnail","6":"product_cat-basiques","7":"product_cat-blouses","8":"product_cat-dernieres-pieces","9":"product_cat-tout-voir","10":"pa_taille-l-40-2","11":"pa_taille-m-38-2","12":"pa_taille-s-36-2","13":"pa_taille-sur-mesure-fr-2","14":"pa_taille-xl-42-fr-2","15":"pa_taille-xs-34-2","17":"first","18":"instock","19":"taxable","20":"shipping-taxable","21":"purchasable","22":"product-type-variable"},"_links":{"self":[{"href":"https:\/\/maisoncleo.com\/fr\/wp-json\/wp\/v2\/product\/359067","targetHints":{"allow":["GET"]}}],"collection":[{"href":"https:\/\/maisoncleo.com\/fr\/wp-json\/wp\/v2\/product"}],"about":[{"href":"https:\/\/maisoncleo.com\/fr\/wp-json\/wp\/v2\/types\/product"}],"version-history":[{"count":1,"href":"https:\/\/maisoncleo.com\/fr\/wp-json\/wp\/v2\/product\/359067\/revisions"}],"predecessor-version":[{"id":360197,"href":"https:\/\/maisoncleo.com\/fr\/wp-json\/wp\/v2\/product\/359067\/revisions\/360197"}],"wp:featuredmedia":[{"embeddable":true,"href":"https:\/\/maisoncleo.com\/fr\/wp-json\/wp\/v2\/media\/338302"}],"wp:attachment":[{"href":"https:\/\/maisoncleo.com\/fr\/wp-json\/wp\/v2\/media?parent=359067"}],"wp:term":[{"taxonomy":"product_brand","embeddable":true,"href":"https:\/\/maisoncleo.com\/fr\/wp-json\/wp\/v2\/product_brand?post=359067"},{"taxonomy":"product_cat","embeddable":true,"href":"https:\/\/maisoncleo.com\/fr\/wp-json\/wp\/v2\/product_cat?post=359067"},{"taxonomy":"product_tag","embeddable":true,"href":"https:\/\/maisoncleo.com\/fr\/wp-json\/wp\/v2\/product_tag?post=359067"}],"curies":[{"name":"wp","href":"https:\/\/api.w.org\/{rel}","templated":true}]}}