{"id":359066,"date":"2024-09-09T19:52:39","date_gmt":"2024-09-10T12:06:55","guid":{"rendered":"https:\/\/maisoncleo.com\/\/?post_type=product&#038;p=359066"},"modified":"2024-09-10T21:07:23","modified_gmt":"2024-09-10T19:07:23","slug":"blouse-en-coton-pique-nique-rouge-julie","status":"publish","type":"product","link":"https:\/\/maisoncleo.com\/fr\/shop\/blouse-en-coton-pique-nique-rouge-julie\/","title":{"rendered":"Blouse en coton pique-nique rouge JULIE"},"content":{"rendered":"<p>Chemise \u00e0 petits carreaux rouges et blancs porter en deux fa\u00e7ons : \u00e0 nouer sur la poitrine ou dans le dos.100% coton, col pointu, manches larges bouffantes, larges poign\u00e9es.<\/p>\n<p>Fabriqu\u00e9e \u00e0 la main dans notre atelier du Nord de la France<\/p>\n<p>La mod\u00e8le mesure 1m68.<\/p>\n","protected":false},"excerpt":{"rendered":"<p>Chemise \u00e0 petits carreaux rouges et blancs porter en deux fa\u00e7ons : \u00e0 nouer sur la poitrine ou dans le dos.100% coton,&hellip;<\/p>\n","protected":false},"featured_media":337741,"template":"","meta":[],"product_brand":[],"product_cat":[662,663,667],"product_tag":[],"class_list":{"0":"post-359066","1":"product","2":"type-product","3":"status-publish","4":"has-post-thumbnail","6":"product_cat-basiques","7":"product_cat-blouses","8":"product_cat-dernieres-pieces","9":"pa_taille-l-40-2","10":"pa_taille-m-38-2","11":"pa_taille-s-36-2","12":"pa_taille-sur-mesure-fr-2","13":"pa_taille-xl-42-fr-2","14":"pa_taille-xs-34-2","16":"first","17":"instock","18":"taxable","19":"shipping-taxable","20":"purchasable","21":"product-type-variable"},"_links":{"self":[{"href":"https:\/\/maisoncleo.com\/fr\/wp-json\/wp\/v2\/product\/359066","targetHints":{"allow":["GET"]}}],"collection":[{"href":"https:\/\/maisoncleo.com\/fr\/wp-json\/wp\/v2\/product"}],"about":[{"href":"https:\/\/maisoncleo.com\/fr\/wp-json\/wp\/v2\/types\/product"}],"version-history":[{"count":1,"href":"https:\/\/maisoncleo.com\/fr\/wp-json\/wp\/v2\/product\/359066\/revisions"}],"predecessor-version":[{"id":359663,"href":"https:\/\/maisoncleo.com\/fr\/wp-json\/wp\/v2\/product\/359066\/revisions\/359663"}],"wp:featuredmedia":[{"embeddable":true,"href":"https:\/\/maisoncleo.com\/fr\/wp-json\/wp\/v2\/media\/337741"}],"wp:attachment":[{"href":"https:\/\/maisoncleo.com\/fr\/wp-json\/wp\/v2\/media?parent=359066"}],"wp:term":[{"taxonomy":"product_brand","embeddable":true,"href":"https:\/\/maisoncleo.com\/fr\/wp-json\/wp\/v2\/product_brand?post=359066"},{"taxonomy":"product_cat","embeddable":true,"href":"https:\/\/maisoncleo.com\/fr\/wp-json\/wp\/v2\/product_cat?post=359066"},{"taxonomy":"product_tag","embeddable":true,"href":"https:\/\/maisoncleo.com\/fr\/wp-json\/wp\/v2\/product_tag?post=359066"}],"curies":[{"name":"wp","href":"https:\/\/api.w.org\/{rel}","templated":true}]}}