{"id":359064,"date":"2024-09-09T19:52:38","date_gmt":"2024-09-10T12:06:55","guid":{"rendered":"https:\/\/maisoncleo.com\/\/?post_type=product&#038;p=359064"},"modified":"2025-05-16T21:41:20","modified_gmt":"2025-05-16T19:41:20","slug":"blouse-a-carreaux-rouges-julie","status":"publish","type":"product","link":"https:\/\/maisoncleo.com\/fr\/shop\/blouse-a-carreaux-rouges-julie\/","title":{"rendered":"Blouse \u00e0 carreaux rouges JULIE"},"content":{"rendered":"<p>Chemise rouge et blanche \u00e0 gros carreaux \u00e0 porter en deux fa\u00e7ons :\u00a0\u00e0 nouer sur la poitrine ou dans le\u00a0dos. 100% coton, col pointu, manches larges bouffantes, larges poign\u00e9es.<\/p>\n<p>Fabriqu\u00e9e \u00e0 la main dans notre atelier du Nord de la France.<\/p>\n<p>La mod\u00e8le mesure 1m69.<\/p>\n","protected":false},"excerpt":{"rendered":"<p>Chemise rouge et blanche \u00e0 gros carreaux \u00e0 porter en deux fa\u00e7ons :\u00a0\u00e0 nouer sur la poitrine ou dans le\u00a0dos. 100% coton,&hellip;<\/p>\n","protected":false},"featured_media":336174,"template":"","meta":[],"product_brand":[],"product_cat":[663,667],"product_tag":[],"class_list":{"0":"post-359064","1":"product","2":"type-product","3":"status-publish","4":"has-post-thumbnail","6":"product_cat-blouses","7":"product_cat-dernieres-pieces","8":"pa_taille-l-40-2","9":"pa_taille-m-38-2","10":"pa_taille-s-36-2","11":"pa_taille-sur-mesure-fr-2","12":"pa_taille-xl-42-fr-2","13":"pa_taille-xs-34-2","15":"first","16":"instock","17":"taxable","18":"shipping-taxable","19":"purchasable","20":"product-type-variable"},"_links":{"self":[{"href":"https:\/\/maisoncleo.com\/fr\/wp-json\/wp\/v2\/product\/359064","targetHints":{"allow":["GET"]}}],"collection":[{"href":"https:\/\/maisoncleo.com\/fr\/wp-json\/wp\/v2\/product"}],"about":[{"href":"https:\/\/maisoncleo.com\/fr\/wp-json\/wp\/v2\/types\/product"}],"version-history":[{"count":1,"href":"https:\/\/maisoncleo.com\/fr\/wp-json\/wp\/v2\/product\/359064\/revisions"}],"predecessor-version":[{"id":359301,"href":"https:\/\/maisoncleo.com\/fr\/wp-json\/wp\/v2\/product\/359064\/revisions\/359301"}],"wp:featuredmedia":[{"embeddable":true,"href":"https:\/\/maisoncleo.com\/fr\/wp-json\/wp\/v2\/media\/336174"}],"wp:attachment":[{"href":"https:\/\/maisoncleo.com\/fr\/wp-json\/wp\/v2\/media?parent=359064"}],"wp:term":[{"taxonomy":"product_brand","embeddable":true,"href":"https:\/\/maisoncleo.com\/fr\/wp-json\/wp\/v2\/product_brand?post=359064"},{"taxonomy":"product_cat","embeddable":true,"href":"https:\/\/maisoncleo.com\/fr\/wp-json\/wp\/v2\/product_cat?post=359064"},{"taxonomy":"product_tag","embeddable":true,"href":"https:\/\/maisoncleo.com\/fr\/wp-json\/wp\/v2\/product_tag?post=359064"}],"curies":[{"name":"wp","href":"https:\/\/api.w.org\/{rel}","templated":true}]}}