{"id":359060,"date":"2024-09-09T19:52:39","date_gmt":"2024-09-10T12:06:55","guid":{"rendered":"https:\/\/maisoncleo.com\/\/?post_type=product&#038;p=359060"},"modified":"2024-09-10T21:08:39","modified_gmt":"2024-09-10T19:08:39","slug":"blouse-fleurs-en-organza-de-soie-rose-vif-ton-sur-ton-julie","status":"publish","type":"product","link":"https:\/\/maisoncleo.com\/fr\/shop\/blouse-fleurs-en-organza-de-soie-rose-vif-ton-sur-ton-julie\/","title":{"rendered":"Blouse fleurs en organza de soie rose vif ton sur ton JULIE"},"content":{"rendered":"<p>Blouse rose vif en organza de soie opaque \u00e0 porter en deux fa\u00e7ons, col pointu, manches longues bouffantes, poignets larges. Tissu de luxe avec des d\u00e9licates broderies de fleurs du m\u00eame ton rose. A nouer sur la poitrine ou dans le dos. 100% soie.<\/p>\n<p>Enti\u00e8rement fait \u00e0 la main dans l&rsquo;atelier de MaisonCl\u00e9o dans le nord de la France par ma m\u00e8re Cl\u00e9o \ud83d\ude42<\/p>\n<p>La mod\u00e8le mesure 1m70.<\/p>\n","protected":false},"excerpt":{"rendered":"<p>Blouse rose vif en organza de soie opaque \u00e0 porter en deux fa\u00e7ons, col pointu, manches longues bouffantes, poignets larges. Tissu de&hellip;<\/p>\n","protected":false},"featured_media":339157,"template":"","meta":[],"product_brand":[],"product_cat":[663,667],"product_tag":[],"class_list":{"0":"post-359060","1":"product","2":"type-product","3":"status-publish","4":"has-post-thumbnail","6":"product_cat-blouses","7":"product_cat-dernieres-pieces","8":"pa_taille-l-40-2","9":"pa_taille-m-38-2","10":"pa_taille-s-36-2","11":"pa_taille-sur-mesure-fr-2","12":"pa_taille-xl-42-fr-2","13":"pa_taille-xs-34-2","15":"first","16":"instock","17":"taxable","18":"shipping-taxable","19":"purchasable","20":"product-type-variable"},"_links":{"self":[{"href":"https:\/\/maisoncleo.com\/fr\/wp-json\/wp\/v2\/product\/359060","targetHints":{"allow":["GET"]}}],"collection":[{"href":"https:\/\/maisoncleo.com\/fr\/wp-json\/wp\/v2\/product"}],"about":[{"href":"https:\/\/maisoncleo.com\/fr\/wp-json\/wp\/v2\/types\/product"}],"version-history":[{"count":1,"href":"https:\/\/maisoncleo.com\/fr\/wp-json\/wp\/v2\/product\/359060\/revisions"}],"predecessor-version":[{"id":360525,"href":"https:\/\/maisoncleo.com\/fr\/wp-json\/wp\/v2\/product\/359060\/revisions\/360525"}],"wp:featuredmedia":[{"embeddable":true,"href":"https:\/\/maisoncleo.com\/fr\/wp-json\/wp\/v2\/media\/339157"}],"wp:attachment":[{"href":"https:\/\/maisoncleo.com\/fr\/wp-json\/wp\/v2\/media?parent=359060"}],"wp:term":[{"taxonomy":"product_brand","embeddable":true,"href":"https:\/\/maisoncleo.com\/fr\/wp-json\/wp\/v2\/product_brand?post=359060"},{"taxonomy":"product_cat","embeddable":true,"href":"https:\/\/maisoncleo.com\/fr\/wp-json\/wp\/v2\/product_cat?post=359060"},{"taxonomy":"product_tag","embeddable":true,"href":"https:\/\/maisoncleo.com\/fr\/wp-json\/wp\/v2\/product_tag?post=359060"}],"curies":[{"name":"wp","href":"https:\/\/api.w.org\/{rel}","templated":true}]}}