{"id":359057,"date":"2024-09-09T19:52:38","date_gmt":"2024-09-10T12:06:54","guid":{"rendered":"https:\/\/maisoncleo.com\/\/?post_type=product&#038;p=359057"},"modified":"2024-09-10T21:08:14","modified_gmt":"2024-09-10T19:08:14","slug":"blouse-en-coton-coloree-julie","status":"publish","type":"product","link":"https:\/\/maisoncleo.com\/fr\/shop\/blouse-en-coton-coloree-julie\/","title":{"rendered":"Blouse en coton color\u00e9e JULIE"},"content":{"rendered":"<p>Chemise blanche \u00e0 porter en deux fa\u00e7ons : \u00e0 nouer sur la poitrine ou dans le dos. 100% coton, petit col rond, manches courtes larges bouffantes, larges poign\u00e9es resserr\u00e9s.<\/p>\n<p>Faites nous savoir la taille d\u00e9sir\u00e9e dans le cadre \u00ab\u00a0commentaires\u00a0\u00bb au check-out !<\/p>\n<p>Fabriqu\u00e9e \u00e0 la main dans notre atelier du Nord de la France.<\/p>\n<p>La mod\u00e8le mesure 1m71.<\/p>\n","protected":false},"excerpt":{"rendered":"<p>Chemise blanche \u00e0 porter en deux fa\u00e7ons : \u00e0 nouer sur la poitrine ou dans le dos. 100% coton, petit col rond,&hellip;<\/p>\n","protected":false},"featured_media":338664,"template":"","meta":[],"product_brand":[],"product_cat":[662,663,667,661],"product_tag":[],"class_list":{"0":"post-359057","1":"product","2":"type-product","3":"status-publish","4":"has-post-thumbnail","6":"product_cat-basiques","7":"product_cat-blouses","8":"product_cat-dernieres-pieces","9":"product_cat-tout-voir","11":"first","12":"instock","13":"taxable","14":"shipping-taxable","15":"purchasable","16":"product-type-variable"},"_links":{"self":[{"href":"https:\/\/maisoncleo.com\/fr\/wp-json\/wp\/v2\/product\/359057","targetHints":{"allow":["GET"]}}],"collection":[{"href":"https:\/\/maisoncleo.com\/fr\/wp-json\/wp\/v2\/product"}],"about":[{"href":"https:\/\/maisoncleo.com\/fr\/wp-json\/wp\/v2\/types\/product"}],"version-history":[{"count":1,"href":"https:\/\/maisoncleo.com\/fr\/wp-json\/wp\/v2\/product\/359057\/revisions"}],"predecessor-version":[{"id":360241,"href":"https:\/\/maisoncleo.com\/fr\/wp-json\/wp\/v2\/product\/359057\/revisions\/360241"}],"wp:featuredmedia":[{"embeddable":true,"href":"https:\/\/maisoncleo.com\/fr\/wp-json\/wp\/v2\/media\/338664"}],"wp:attachment":[{"href":"https:\/\/maisoncleo.com\/fr\/wp-json\/wp\/v2\/media?parent=359057"}],"wp:term":[{"taxonomy":"product_brand","embeddable":true,"href":"https:\/\/maisoncleo.com\/fr\/wp-json\/wp\/v2\/product_brand?post=359057"},{"taxonomy":"product_cat","embeddable":true,"href":"https:\/\/maisoncleo.com\/fr\/wp-json\/wp\/v2\/product_cat?post=359057"},{"taxonomy":"product_tag","embeddable":true,"href":"https:\/\/maisoncleo.com\/fr\/wp-json\/wp\/v2\/product_tag?post=359057"}],"curies":[{"name":"wp","href":"https:\/\/api.w.org\/{rel}","templated":true}]}}