{"id":359056,"date":"2024-09-09T19:52:38","date_gmt":"2024-09-10T12:06:54","guid":{"rendered":"https:\/\/maisoncleo.com\/\/?post_type=product&#038;p=359056"},"modified":"2024-09-10T21:06:58","modified_gmt":"2024-09-10T19:06:58","slug":"blouse-velours-noir-julie","status":"publish","type":"product","link":"https:\/\/maisoncleo.com\/fr\/shop\/blouse-velours-noir-julie\/","title":{"rendered":"Blouse velours noir JULIE"},"content":{"rendered":"<p class=\"p1\">Chemise en velours noire \u00e0 porter en deux fa\u00e7ons. \u00c0\u00a0nouer sur la poitrine ou dans le dos.<\/p>\n<p class=\"p1\">Velours 100% coton, col pointu, manches larges bouffantes, larges poign\u00e9es.<\/p>\n","protected":false},"excerpt":{"rendered":"<p>Chemise en velours noire \u00e0 porter en deux fa\u00e7ons. \u00c0\u00a0nouer sur la poitrine ou dans le dos. Velours 100% coton, col pointu,&hellip;<\/p>\n","protected":false},"featured_media":337263,"template":"","meta":[],"product_brand":[],"product_cat":[662,663,667,661],"product_tag":[],"class_list":{"0":"post-359056","1":"product","2":"type-product","3":"status-publish","4":"has-post-thumbnail","6":"product_cat-basiques","7":"product_cat-blouses","8":"product_cat-dernieres-pieces","9":"product_cat-tout-voir","10":"pa_taille-l-40-2","11":"pa_taille-m-38-2","12":"pa_taille-s-36-2","13":"pa_taille-sur-mesure-fr-2","14":"pa_taille-xl-42-fr-2","15":"pa_taille-xs-34-2","17":"first","18":"instock","19":"taxable","20":"shipping-taxable","21":"purchasable","22":"product-type-variable"},"_links":{"self":[{"href":"https:\/\/maisoncleo.com\/fr\/wp-json\/wp\/v2\/product\/359056","targetHints":{"allow":["GET"]}}],"collection":[{"href":"https:\/\/maisoncleo.com\/fr\/wp-json\/wp\/v2\/product"}],"about":[{"href":"https:\/\/maisoncleo.com\/fr\/wp-json\/wp\/v2\/types\/product"}],"version-history":[{"count":1,"href":"https:\/\/maisoncleo.com\/fr\/wp-json\/wp\/v2\/product\/359056\/revisions"}],"predecessor-version":[{"id":359321,"href":"https:\/\/maisoncleo.com\/fr\/wp-json\/wp\/v2\/product\/359056\/revisions\/359321"}],"wp:featuredmedia":[{"embeddable":true,"href":"https:\/\/maisoncleo.com\/fr\/wp-json\/wp\/v2\/media\/337263"}],"wp:attachment":[{"href":"https:\/\/maisoncleo.com\/fr\/wp-json\/wp\/v2\/media?parent=359056"}],"wp:term":[{"taxonomy":"product_brand","embeddable":true,"href":"https:\/\/maisoncleo.com\/fr\/wp-json\/wp\/v2\/product_brand?post=359056"},{"taxonomy":"product_cat","embeddable":true,"href":"https:\/\/maisoncleo.com\/fr\/wp-json\/wp\/v2\/product_cat?post=359056"},{"taxonomy":"product_tag","embeddable":true,"href":"https:\/\/maisoncleo.com\/fr\/wp-json\/wp\/v2\/product_tag?post=359056"}],"curies":[{"name":"wp","href":"https:\/\/api.w.org\/{rel}","templated":true}]}}