{"id":359054,"date":"2024-09-09T19:52:38","date_gmt":"2024-09-10T12:06:54","guid":{"rendered":"https:\/\/maisoncleo.com\/\/?post_type=product&#038;p=359054"},"modified":"2025-04-28T12:20:48","modified_gmt":"2025-04-28T10:20:48","slug":"blouse-en-coton-vichy-noir-julie","status":"publish","type":"product","link":"https:\/\/maisoncleo.com\/fr\/shop\/blouse-en-coton-vichy-noir-julie\/","title":{"rendered":"Blouse en coton vichy noir JULIE"},"content":{"rendered":"<p>Chemise \u00e0 petits carreaux noirs et blancs porter en deux fa\u00e7ons : \u00e0 nouer sur la poitrine ou dans le dos.100% coton, col pointu, manches larges bouffantes, larges poign\u00e9es.<\/p>\n","protected":false},"excerpt":{"rendered":"<p>Chemise \u00e0 petits carreaux noirs et blancs porter en deux fa\u00e7ons : \u00e0 nouer sur la poitrine ou dans le dos.100% coton,&hellip;<\/p>\n","protected":false},"featured_media":337621,"template":"","meta":[],"product_brand":[],"product_cat":[662,663,667],"product_tag":[],"class_list":{"0":"post-359054","1":"product","2":"type-product","3":"status-publish","4":"has-post-thumbnail","6":"product_cat-basiques","7":"product_cat-blouses","8":"product_cat-dernieres-pieces","9":"pa_taille-l-40-2","10":"pa_taille-m-38-2","11":"pa_taille-s-36-2","12":"pa_taille-sur-mesure-fr-2","13":"pa_taille-xl-42-fr-2","14":"pa_taille-xs-34-2","16":"first","17":"instock","18":"taxable","19":"shipping-taxable","20":"purchasable","21":"product-type-variable"},"_links":{"self":[{"href":"https:\/\/maisoncleo.com\/fr\/wp-json\/wp\/v2\/product\/359054","targetHints":{"allow":["GET"]}}],"collection":[{"href":"https:\/\/maisoncleo.com\/fr\/wp-json\/wp\/v2\/product"}],"about":[{"href":"https:\/\/maisoncleo.com\/fr\/wp-json\/wp\/v2\/types\/product"}],"version-history":[{"count":1,"href":"https:\/\/maisoncleo.com\/fr\/wp-json\/wp\/v2\/product\/359054\/revisions"}],"predecessor-version":[{"id":359625,"href":"https:\/\/maisoncleo.com\/fr\/wp-json\/wp\/v2\/product\/359054\/revisions\/359625"}],"wp:featuredmedia":[{"embeddable":true,"href":"https:\/\/maisoncleo.com\/fr\/wp-json\/wp\/v2\/media\/337621"}],"wp:attachment":[{"href":"https:\/\/maisoncleo.com\/fr\/wp-json\/wp\/v2\/media?parent=359054"}],"wp:term":[{"taxonomy":"product_brand","embeddable":true,"href":"https:\/\/maisoncleo.com\/fr\/wp-json\/wp\/v2\/product_brand?post=359054"},{"taxonomy":"product_cat","embeddable":true,"href":"https:\/\/maisoncleo.com\/fr\/wp-json\/wp\/v2\/product_cat?post=359054"},{"taxonomy":"product_tag","embeddable":true,"href":"https:\/\/maisoncleo.com\/fr\/wp-json\/wp\/v2\/product_tag?post=359054"}],"curies":[{"name":"wp","href":"https:\/\/api.w.org\/{rel}","templated":true}]}}