{"id":359053,"date":"2024-09-09T19:52:38","date_gmt":"2024-09-10T12:06:54","guid":{"rendered":"https:\/\/maisoncleo.com\/\/?post_type=product&#038;p=359053"},"modified":"2024-09-10T21:09:11","modified_gmt":"2024-09-10T19:09:11","slug":"blouse-en-coton-noir-julie","status":"publish","type":"product","link":"https:\/\/maisoncleo.com\/fr\/shop\/blouse-en-coton-noir-julie\/","title":{"rendered":"Blouse en coton noir JULIE"},"content":{"rendered":"<p id=\"tw-target-text\" class=\"tw-data-text tw-text-large XcVN5d tw-ta\" dir=\"ltr\" data-placeholder=\"Traduction\"><span class=\"Y2IQFc\" lang=\"fr\">Chemise \u00e0 porter de deux mani\u00e8res diff\u00e9rentes, \u00e0 nouer sur la poitrine ou dans le dos. Col pointu, larges manches bouffantes, larges poignets. 100% Coton. <\/span><\/p>\n<p class=\"tw-data-text tw-text-large XcVN5d tw-ta\" dir=\"ltr\" data-placeholder=\"Traduction\">\n","protected":false},"excerpt":{"rendered":"<p>Chemise \u00e0 porter de deux mani\u00e8res diff\u00e9rentes, \u00e0 nouer sur la poitrine ou dans le dos. Col pointu, larges manches bouffantes, larges&hellip;<\/p>\n","protected":false},"featured_media":339752,"template":"","meta":[],"product_brand":[],"product_cat":[662,663,667],"product_tag":[],"class_list":{"0":"post-359053","1":"product","2":"type-product","3":"status-publish","4":"has-post-thumbnail","6":"product_cat-basiques","7":"product_cat-blouses","8":"product_cat-dernieres-pieces","9":"pa_taille-l-40-2","10":"pa_taille-m-38-2","11":"pa_taille-s-36-2","12":"pa_taille-sur-mesure-fr-2","13":"pa_taille-xl-42-fr-2","14":"pa_taille-xs-34-2","16":"first","17":"instock","18":"taxable","19":"shipping-taxable","20":"purchasable","21":"product-type-variable"},"_links":{"self":[{"href":"https:\/\/maisoncleo.com\/fr\/wp-json\/wp\/v2\/product\/359053","targetHints":{"allow":["GET"]}}],"collection":[{"href":"https:\/\/maisoncleo.com\/fr\/wp-json\/wp\/v2\/product"}],"about":[{"href":"https:\/\/maisoncleo.com\/fr\/wp-json\/wp\/v2\/types\/product"}],"version-history":[{"count":1,"href":"https:\/\/maisoncleo.com\/fr\/wp-json\/wp\/v2\/product\/359053\/revisions"}],"predecessor-version":[{"id":360765,"href":"https:\/\/maisoncleo.com\/fr\/wp-json\/wp\/v2\/product\/359053\/revisions\/360765"}],"wp:featuredmedia":[{"embeddable":true,"href":"https:\/\/maisoncleo.com\/fr\/wp-json\/wp\/v2\/media\/339752"}],"wp:attachment":[{"href":"https:\/\/maisoncleo.com\/fr\/wp-json\/wp\/v2\/media?parent=359053"}],"wp:term":[{"taxonomy":"product_brand","embeddable":true,"href":"https:\/\/maisoncleo.com\/fr\/wp-json\/wp\/v2\/product_brand?post=359053"},{"taxonomy":"product_cat","embeddable":true,"href":"https:\/\/maisoncleo.com\/fr\/wp-json\/wp\/v2\/product_cat?post=359053"},{"taxonomy":"product_tag","embeddable":true,"href":"https:\/\/maisoncleo.com\/fr\/wp-json\/wp\/v2\/product_tag?post=359053"}],"curies":[{"name":"wp","href":"https:\/\/api.w.org\/{rel}","templated":true}]}}