{"id":359047,"date":"2024-09-09T19:52:40","date_gmt":"2024-09-09T17:52:40","guid":{"rendered":"https:\/\/maisoncleo.com\/\/?post_type=product&#038;p=359047"},"modified":"2024-09-10T21:06:44","modified_gmt":"2024-09-10T19:06:44","slug":"bolero-organza-soie-chantal","status":"publish","type":"product","link":"https:\/\/maisoncleo.com\/fr\/shop\/bolero-organza-soie-chantal\/","title":{"rendered":"Bol\u00e9ro organza soie CHANTAL"},"content":{"rendered":"<p>Bol\u00e9ro court de couleur ivoire, manches larges et bouffantes avec des volants, un lien \u00e0 nouer sur le devant. Composition 100% soie.<\/p>\n<p>Fabriqu\u00e9 \u00e0 la main dans notre atelier du Nord de la France.<\/p>\n","protected":false},"excerpt":{"rendered":"<p>Bol\u00e9ro court de couleur ivoire, manches larges et bouffantes avec des volants, un lien \u00e0 nouer sur le devant. Composition 100% soie.&hellip;<\/p>\n","protected":false},"featured_media":337105,"template":"","meta":[],"product_brand":[],"product_cat":[663,667,958,661],"product_tag":[],"class_list":{"0":"post-359047","1":"product","2":"type-product","3":"status-publish","4":"has-post-thumbnail","6":"product_cat-blouses","7":"product_cat-dernieres-pieces","8":"product_cat-mariage-selection","9":"product_cat-tout-voir","10":"pa_taille-l-40-2","11":"pa_taille-m-38-2","12":"pa_taille-s-36-2","13":"pa_taille-sur-mesure-fr-2","14":"pa_taille-xl-42-fr-2","15":"pa_taille-xs-34-2","17":"first","18":"instock","19":"taxable","20":"shipping-taxable","21":"purchasable","22":"product-type-variable"},"_links":{"self":[{"href":"https:\/\/maisoncleo.com\/fr\/wp-json\/wp\/v2\/product\/359047","targetHints":{"allow":["GET"]}}],"collection":[{"href":"https:\/\/maisoncleo.com\/fr\/wp-json\/wp\/v2\/product"}],"about":[{"href":"https:\/\/maisoncleo.com\/fr\/wp-json\/wp\/v2\/types\/product"}],"version-history":[{"count":1,"href":"https:\/\/maisoncleo.com\/fr\/wp-json\/wp\/v2\/product\/359047\/revisions"}],"predecessor-version":[{"id":359152,"href":"https:\/\/maisoncleo.com\/fr\/wp-json\/wp\/v2\/product\/359047\/revisions\/359152"}],"wp:featuredmedia":[{"embeddable":true,"href":"https:\/\/maisoncleo.com\/fr\/wp-json\/wp\/v2\/media\/337105"}],"wp:attachment":[{"href":"https:\/\/maisoncleo.com\/fr\/wp-json\/wp\/v2\/media?parent=359047"}],"wp:term":[{"taxonomy":"product_brand","embeddable":true,"href":"https:\/\/maisoncleo.com\/fr\/wp-json\/wp\/v2\/product_brand?post=359047"},{"taxonomy":"product_cat","embeddable":true,"href":"https:\/\/maisoncleo.com\/fr\/wp-json\/wp\/v2\/product_cat?post=359047"},{"taxonomy":"product_tag","embeddable":true,"href":"https:\/\/maisoncleo.com\/fr\/wp-json\/wp\/v2\/product_tag?post=359047"}],"curies":[{"name":"wp","href":"https:\/\/api.w.org\/{rel}","templated":true}]}}