{"id":359046,"date":"2024-09-09T19:52:41","date_gmt":"2024-09-10T12:06:54","guid":{"rendered":"https:\/\/maisoncleo.com\/\/?post_type=product&#038;p=359046"},"modified":"2024-09-10T21:06:46","modified_gmt":"2024-09-10T19:06:46","slug":"blouse-soie-noire-gisela","status":"publish","type":"product","link":"https:\/\/maisoncleo.com\/fr\/shop\/blouse-soie-noire-gisela\/","title":{"rendered":"Blouse soie noire GISELA"},"content":{"rendered":"<p>Blouse coupe cache-coeur, volants sur la carrure, manches longues. 100% soie textur\u00e9e. Possibilit\u00e9 de la porter aussi en fermant les deux liens sur le devant pour un d\u00e9collet\u00e9 V profond et une longueur plus courte.<\/p>\n<p>Fabriqu\u00e9e \u00e0 la main dans notre atelier du Nord de la France.<\/p>\n","protected":false},"excerpt":{"rendered":"<p>Blouse coupe cache-coeur, volants sur la carrure, manches longues. 100% soie textur\u00e9e. Possibilit\u00e9 de la porter aussi en fermant les deux liens&hellip;<\/p>\n","protected":false},"featured_media":337127,"template":"","meta":[],"product_brand":[],"product_cat":[663,667,661],"product_tag":[],"class_list":{"0":"post-359046","1":"product","2":"type-product","3":"status-publish","4":"has-post-thumbnail","6":"product_cat-blouses","7":"product_cat-dernieres-pieces","8":"product_cat-tout-voir","9":"pa_taille-l-40-2","10":"pa_taille-m-38-2","11":"pa_taille-s-36-2","12":"pa_taille-sur-mesure-fr-2","13":"pa_taille-xl-42-fr-2","14":"pa_taille-xs-34-2","16":"first","17":"instock","18":"taxable","19":"shipping-taxable","20":"purchasable","21":"product-type-variable"},"_links":{"self":[{"href":"https:\/\/maisoncleo.com\/fr\/wp-json\/wp\/v2\/product\/359046","targetHints":{"allow":["GET"]}}],"collection":[{"href":"https:\/\/maisoncleo.com\/fr\/wp-json\/wp\/v2\/product"}],"about":[{"href":"https:\/\/maisoncleo.com\/fr\/wp-json\/wp\/v2\/types\/product"}],"version-history":[{"count":1,"href":"https:\/\/maisoncleo.com\/fr\/wp-json\/wp\/v2\/product\/359046\/revisions"}],"predecessor-version":[{"id":359142,"href":"https:\/\/maisoncleo.com\/fr\/wp-json\/wp\/v2\/product\/359046\/revisions\/359142"}],"wp:featuredmedia":[{"embeddable":true,"href":"https:\/\/maisoncleo.com\/fr\/wp-json\/wp\/v2\/media\/337127"}],"wp:attachment":[{"href":"https:\/\/maisoncleo.com\/fr\/wp-json\/wp\/v2\/media?parent=359046"}],"wp:term":[{"taxonomy":"product_brand","embeddable":true,"href":"https:\/\/maisoncleo.com\/fr\/wp-json\/wp\/v2\/product_brand?post=359046"},{"taxonomy":"product_cat","embeddable":true,"href":"https:\/\/maisoncleo.com\/fr\/wp-json\/wp\/v2\/product_cat?post=359046"},{"taxonomy":"product_tag","embeddable":true,"href":"https:\/\/maisoncleo.com\/fr\/wp-json\/wp\/v2\/product_tag?post=359046"}],"curies":[{"name":"wp","href":"https:\/\/api.w.org\/{rel}","templated":true}]}}