{"id":359045,"date":"2024-09-09T19:52:41","date_gmt":"2024-09-10T12:06:53","guid":{"rendered":"https:\/\/maisoncleo.com\/\/?post_type=product&#038;p=359045"},"modified":"2024-09-10T21:06:52","modified_gmt":"2024-09-10T19:06:52","slug":"blouse-organza-jaune-gisela","status":"publish","type":"product","link":"https:\/\/maisoncleo.com\/fr\/shop\/blouse-organza-jaune-gisela\/","title":{"rendered":"Blouse organza jaune GISELA"},"content":{"rendered":"<p>Blouse coupe cache-coeur, volants sur la carrure, manches longues. 100% soie en organza jaune. Possibilit\u00e9 de la porter aussi en fermant les deux liens sur le devant pour un d\u00e9collet\u00e9 V profond et une longueur plus courte.<\/p>\n<p>La mod\u00e8le mesure 1m70.<\/p>\n","protected":false},"excerpt":{"rendered":"<p>Blouse coupe cache-coeur, volants sur la carrure, manches longues. 100% soie en organza jaune. Possibilit\u00e9 de la porter aussi en fermant les&hellip;<\/p>\n","protected":false},"featured_media":337193,"template":"","meta":[],"product_brand":[],"product_cat":[663,667,661],"product_tag":[],"class_list":{"0":"post-359045","1":"product","2":"type-product","3":"status-publish","4":"has-post-thumbnail","6":"product_cat-blouses","7":"product_cat-dernieres-pieces","8":"product_cat-tout-voir","9":"pa_taille-l-40-2","10":"pa_taille-m-38-2","11":"pa_taille-s-36-2","12":"pa_taille-sur-mesure-fr-2","13":"pa_taille-xl-42-fr-2","14":"pa_taille-xs-34-2","16":"first","17":"instock","18":"taxable","19":"shipping-taxable","20":"purchasable","21":"product-type-variable"},"_links":{"self":[{"href":"https:\/\/maisoncleo.com\/fr\/wp-json\/wp\/v2\/product\/359045","targetHints":{"allow":["GET"]}}],"collection":[{"href":"https:\/\/maisoncleo.com\/fr\/wp-json\/wp\/v2\/product"}],"about":[{"href":"https:\/\/maisoncleo.com\/fr\/wp-json\/wp\/v2\/types\/product"}],"version-history":[{"count":1,"href":"https:\/\/maisoncleo.com\/fr\/wp-json\/wp\/v2\/product\/359045\/revisions"}],"predecessor-version":[{"id":359112,"href":"https:\/\/maisoncleo.com\/fr\/wp-json\/wp\/v2\/product\/359045\/revisions\/359112"}],"wp:featuredmedia":[{"embeddable":true,"href":"https:\/\/maisoncleo.com\/fr\/wp-json\/wp\/v2\/media\/337193"}],"wp:attachment":[{"href":"https:\/\/maisoncleo.com\/fr\/wp-json\/wp\/v2\/media?parent=359045"}],"wp:term":[{"taxonomy":"product_brand","embeddable":true,"href":"https:\/\/maisoncleo.com\/fr\/wp-json\/wp\/v2\/product_brand?post=359045"},{"taxonomy":"product_cat","embeddable":true,"href":"https:\/\/maisoncleo.com\/fr\/wp-json\/wp\/v2\/product_cat?post=359045"},{"taxonomy":"product_tag","embeddable":true,"href":"https:\/\/maisoncleo.com\/fr\/wp-json\/wp\/v2\/product_tag?post=359045"}],"curies":[{"name":"wp","href":"https:\/\/api.w.org\/{rel}","templated":true}]}}