{"id":359044,"date":"2024-09-09T19:52:41","date_gmt":"2024-09-10T12:06:53","guid":{"rendered":"https:\/\/maisoncleo.com\/\/?post_type=product&#038;p=359044"},"modified":"2024-09-10T21:06:53","modified_gmt":"2024-09-10T19:06:53","slug":"blouse-soie-jaune-anita","status":"publish","type":"product","link":"https:\/\/maisoncleo.com\/fr\/shop\/blouse-soie-jaune-anita\/","title":{"rendered":"Blouse soie jaune ANITA"},"content":{"rendered":"<p>Blouse en soie jaune \u00e0 porter en deux fa\u00e7ons. A nouer sur la poitrine ou en bas du milieu du dos. Petit col rond, manches courtes larges bouffantes, larges poign\u00e9es resserr\u00e9s. 100% soie.<\/p>\n","protected":false},"excerpt":{"rendered":"<p>Yellow silk blouse to wear in two different ways : 1. : to tie on the chest, 2. : to tie in the middle of the back. 100% silk, little rond collar, large short puffed sleeves, large\u00a0wristbands.<\/p>\n","protected":false},"featured_media":337217,"template":"","meta":[],"product_brand":[],"product_cat":[663,667,661],"product_tag":[],"class_list":{"0":"post-359044","1":"product","2":"type-product","3":"status-publish","4":"has-post-thumbnail","6":"product_cat-blouses","7":"product_cat-dernieres-pieces","8":"product_cat-tout-voir","9":"pa_taille-s-36-2","11":"first","12":"instock","13":"taxable","14":"shipping-taxable","15":"purchasable","16":"product-type-variable"},"_links":{"self":[{"href":"https:\/\/maisoncleo.com\/fr\/wp-json\/wp\/v2\/product\/359044","targetHints":{"allow":["GET"]}}],"collection":[{"href":"https:\/\/maisoncleo.com\/fr\/wp-json\/wp\/v2\/product"}],"about":[{"href":"https:\/\/maisoncleo.com\/fr\/wp-json\/wp\/v2\/types\/product"}],"version-history":[{"count":1,"href":"https:\/\/maisoncleo.com\/fr\/wp-json\/wp\/v2\/product\/359044\/revisions"}],"predecessor-version":[{"id":359111,"href":"https:\/\/maisoncleo.com\/fr\/wp-json\/wp\/v2\/product\/359044\/revisions\/359111"}],"wp:featuredmedia":[{"embeddable":true,"href":"https:\/\/maisoncleo.com\/fr\/wp-json\/wp\/v2\/media\/337217"}],"wp:attachment":[{"href":"https:\/\/maisoncleo.com\/fr\/wp-json\/wp\/v2\/media?parent=359044"}],"wp:term":[{"taxonomy":"product_brand","embeddable":true,"href":"https:\/\/maisoncleo.com\/fr\/wp-json\/wp\/v2\/product_brand?post=359044"},{"taxonomy":"product_cat","embeddable":true,"href":"https:\/\/maisoncleo.com\/fr\/wp-json\/wp\/v2\/product_cat?post=359044"},{"taxonomy":"product_tag","embeddable":true,"href":"https:\/\/maisoncleo.com\/fr\/wp-json\/wp\/v2\/product_tag?post=359044"}],"curies":[{"name":"wp","href":"https:\/\/api.w.org\/{rel}","templated":true}]}}