{"id":359039,"date":"2025-01-10T16:00:40","date_gmt":"2024-09-10T12:06:53","guid":{"rendered":"https:\/\/maisoncleo.com\/\/?post_type=product&#038;p=359039"},"modified":"2025-09-14T19:38:13","modified_gmt":"2025-09-14T17:38:13","slug":"blouse-coton-blanc-agnes","status":"publish","type":"product","link":"https:\/\/maisoncleo.com\/fr\/shop\/blouse-coton-blanc-agnes\/","title":{"rendered":"Blouse coton blanc AGNES &#8211; Les pr\u00e9mices MaisonCl\u00e9o 1\/4"},"content":{"rendered":"<p>Une des premi\u00e8res pi\u00e8ces MaisonCl\u00e9o lanc\u00e9e dans notre premi\u00e8re collection en 2017 quand nous avons lanc\u00e9 la marque, et toujours la grande favorite.<\/p>\n<p>Notre blouse classique en coton blanc chemise, avec deux liens \u00e0 nouer sur le devant et des manches bouffantes. 100% coton.<\/p>\n<p>Fabriqu\u00e9e \u00e0 la main dans notre atelier du Nord de la France.<\/p>\n<p>La mod\u00e8le mesure 1m71 et porte une taille 36.<\/p>\n","protected":false},"excerpt":{"rendered":"<p>Une des premi\u00e8res pi\u00e8ces MaisonCl\u00e9o lanc\u00e9e dans notre premi\u00e8re collection en 2017 quand nous avons lanc\u00e9 la marque, et toujours la grande&hellip;<\/p>\n","protected":false},"featured_media":380397,"template":"","meta":[],"product_brand":[],"product_cat":[662,663,668,661],"product_tag":[],"class_list":{"0":"post-359039","1":"product","2":"type-product","3":"status-publish","4":"has-post-thumbnail","6":"product_cat-basiques","7":"product_cat-blouses","8":"product_cat-capsule","9":"product_cat-tout-voir","11":"first","12":"instock","13":"taxable","14":"shipping-taxable","15":"purchasable","16":"product-type-variable"},"_links":{"self":[{"href":"https:\/\/maisoncleo.com\/fr\/wp-json\/wp\/v2\/product\/359039","targetHints":{"allow":["GET"]}}],"collection":[{"href":"https:\/\/maisoncleo.com\/fr\/wp-json\/wp\/v2\/product"}],"about":[{"href":"https:\/\/maisoncleo.com\/fr\/wp-json\/wp\/v2\/types\/product"}],"version-history":[{"count":4,"href":"https:\/\/maisoncleo.com\/fr\/wp-json\/wp\/v2\/product\/359039\/revisions"}],"predecessor-version":[{"id":380546,"href":"https:\/\/maisoncleo.com\/fr\/wp-json\/wp\/v2\/product\/359039\/revisions\/380546"}],"wp:featuredmedia":[{"embeddable":true,"href":"https:\/\/maisoncleo.com\/fr\/wp-json\/wp\/v2\/media\/380397"}],"wp:attachment":[{"href":"https:\/\/maisoncleo.com\/fr\/wp-json\/wp\/v2\/media?parent=359039"}],"wp:term":[{"taxonomy":"product_brand","embeddable":true,"href":"https:\/\/maisoncleo.com\/fr\/wp-json\/wp\/v2\/product_brand?post=359039"},{"taxonomy":"product_cat","embeddable":true,"href":"https:\/\/maisoncleo.com\/fr\/wp-json\/wp\/v2\/product_cat?post=359039"},{"taxonomy":"product_tag","embeddable":true,"href":"https:\/\/maisoncleo.com\/fr\/wp-json\/wp\/v2\/product_tag?post=359039"}],"curies":[{"name":"wp","href":"https:\/\/api.w.org\/{rel}","templated":true}]}}