{"id":359025,"date":"2024-09-09T19:52:41","date_gmt":"2024-09-10T12:06:52","guid":{"rendered":"https:\/\/maisoncleo.com\/\/?post_type=product&#038;p=359025"},"modified":"2024-09-10T21:09:10","modified_gmt":"2024-09-10T19:09:10","slug":"blouse-en-laine-glitter-gris-et-fleurs-roses-angele","status":"publish","type":"product","link":"https:\/\/maisoncleo.com\/fr\/shop\/blouse-en-laine-glitter-gris-et-fleurs-roses-angele\/","title":{"rendered":"Blouse en laine glitter gris et fleurs roses ANG\u00c8LE"},"content":{"rendered":"<p>Blouse en laine m\u00e9lang\u00e9e, glitter gris avec des motifs fleuris roses m\u00e9talliques. Manches bouffantes 3\/4 avec poignets \u00e9lastiqu\u00e9s \u00e0 volants, liens \u00e0 nouer sur le devant, grand col double.<\/p>\n<p>Nous pouvons faire 22 blouses dans ce tissu.<\/p>\n","protected":false},"excerpt":{"rendered":"<p>Blouse en laine m\u00e9lang\u00e9e, glitter gris avec des motifs fleuris roses m\u00e9talliques. Manches bouffantes 3\/4 avec poignets \u00e9lastiqu\u00e9s \u00e0 volants, liens \u00e0&hellip;<\/p>\n","protected":false},"featured_media":339718,"template":"","meta":[],"product_brand":[],"product_cat":[663,667],"product_tag":[],"class_list":{"0":"post-359025","1":"product","2":"type-product","3":"status-publish","4":"has-post-thumbnail","6":"product_cat-blouses","7":"product_cat-dernieres-pieces","8":"pa_taille-l-40-2","9":"pa_taille-m-38-2","10":"pa_taille-s-36-2","11":"pa_taille-sur-mesure-fr-2","12":"pa_taille-xl-42-fr-2","13":"pa_taille-xs-34-2","15":"first","16":"instock","17":"taxable","18":"shipping-taxable","19":"purchasable","20":"product-type-variable"},"_links":{"self":[{"href":"https:\/\/maisoncleo.com\/fr\/wp-json\/wp\/v2\/product\/359025","targetHints":{"allow":["GET"]}}],"collection":[{"href":"https:\/\/maisoncleo.com\/fr\/wp-json\/wp\/v2\/product"}],"about":[{"href":"https:\/\/maisoncleo.com\/fr\/wp-json\/wp\/v2\/types\/product"}],"version-history":[{"count":1,"href":"https:\/\/maisoncleo.com\/fr\/wp-json\/wp\/v2\/product\/359025\/revisions"}],"predecessor-version":[{"id":360764,"href":"https:\/\/maisoncleo.com\/fr\/wp-json\/wp\/v2\/product\/359025\/revisions\/360764"}],"wp:featuredmedia":[{"embeddable":true,"href":"https:\/\/maisoncleo.com\/fr\/wp-json\/wp\/v2\/media\/339718"}],"wp:attachment":[{"href":"https:\/\/maisoncleo.com\/fr\/wp-json\/wp\/v2\/media?parent=359025"}],"wp:term":[{"taxonomy":"product_brand","embeddable":true,"href":"https:\/\/maisoncleo.com\/fr\/wp-json\/wp\/v2\/product_brand?post=359025"},{"taxonomy":"product_cat","embeddable":true,"href":"https:\/\/maisoncleo.com\/fr\/wp-json\/wp\/v2\/product_cat?post=359025"},{"taxonomy":"product_tag","embeddable":true,"href":"https:\/\/maisoncleo.com\/fr\/wp-json\/wp\/v2\/product_tag?post=359025"}],"curies":[{"name":"wp","href":"https:\/\/api.w.org\/{rel}","templated":true}]}}