{"id":359023,"date":"2024-09-09T19:52:41","date_gmt":"2024-09-09T17:52:41","guid":{"rendered":"https:\/\/maisoncleo.com\/\/?post_type=product&#038;p=359023"},"modified":"2024-09-10T21:06:48","modified_gmt":"2024-09-10T19:06:48","slug":"blouse-vichy-rouge-coton-angele","status":"publish","type":"product","link":"https:\/\/maisoncleo.com\/fr\/shop\/blouse-vichy-rouge-coton-angele\/","title":{"rendered":"Blouse vichy rouge coton ANGELE"},"content":{"rendered":"<p>Blouse en coton vichy rouge avec manches 3\/4 \u00e9lastiqu\u00e9es et volant\u00e9es. Grand double col pointu, liens \u00e0 nouer sur le devant, basque \u00e9lastiqu\u00e9e volant\u00e9e au niveau de la taille. 100% coton. Mod\u00e8le : Steffie Baik. Photos : Patrick Park @patrickparkphoto.<\/p>\n","protected":false},"excerpt":{"rendered":"<p>Blouse en coton vichy rouge avec manches 3\/4 \u00e9lastiqu\u00e9es et volant\u00e9es. Grand double col pointu, liens \u00e0 nouer sur le devant, basque&hellip;<\/p>\n","protected":false},"featured_media":337147,"template":"","meta":[],"product_brand":[],"product_cat":[662,663,667,661],"product_tag":[],"class_list":{"0":"post-359023","1":"product","2":"type-product","3":"status-publish","4":"has-post-thumbnail","6":"product_cat-basiques","7":"product_cat-blouses","8":"product_cat-dernieres-pieces","9":"product_cat-tout-voir","10":"pa_taille-l-40-2","11":"pa_taille-m-38-2","12":"pa_taille-s-36-2","13":"pa_taille-sur-mesure-fr-2","14":"pa_taille-xl-42-fr-2","15":"pa_taille-xs-34-2","17":"first","18":"instock","19":"taxable","20":"shipping-taxable","21":"purchasable","22":"product-type-variable"},"_links":{"self":[{"href":"https:\/\/maisoncleo.com\/fr\/wp-json\/wp\/v2\/product\/359023","targetHints":{"allow":["GET"]}}],"collection":[{"href":"https:\/\/maisoncleo.com\/fr\/wp-json\/wp\/v2\/product"}],"about":[{"href":"https:\/\/maisoncleo.com\/fr\/wp-json\/wp\/v2\/types\/product"}],"version-history":[{"count":1,"href":"https:\/\/maisoncleo.com\/fr\/wp-json\/wp\/v2\/product\/359023\/revisions"}],"predecessor-version":[{"id":359126,"href":"https:\/\/maisoncleo.com\/fr\/wp-json\/wp\/v2\/product\/359023\/revisions\/359126"}],"wp:featuredmedia":[{"embeddable":true,"href":"https:\/\/maisoncleo.com\/fr\/wp-json\/wp\/v2\/media\/337147"}],"wp:attachment":[{"href":"https:\/\/maisoncleo.com\/fr\/wp-json\/wp\/v2\/media?parent=359023"}],"wp:term":[{"taxonomy":"product_brand","embeddable":true,"href":"https:\/\/maisoncleo.com\/fr\/wp-json\/wp\/v2\/product_brand?post=359023"},{"taxonomy":"product_cat","embeddable":true,"href":"https:\/\/maisoncleo.com\/fr\/wp-json\/wp\/v2\/product_cat?post=359023"},{"taxonomy":"product_tag","embeddable":true,"href":"https:\/\/maisoncleo.com\/fr\/wp-json\/wp\/v2\/product_tag?post=359023"}],"curies":[{"name":"wp","href":"https:\/\/api.w.org\/{rel}","templated":true}]}}