{"id":359021,"date":"2024-09-09T19:52:41","date_gmt":"2024-09-10T12:06:52","guid":{"rendered":"https:\/\/maisoncleo.com\/\/?post_type=product&#038;p=359021"},"modified":"2025-05-18T18:56:03","modified_gmt":"2025-05-18T16:56:03","slug":"blouse-en-coton-leger-marron-et-jaune-angele","status":"publish","type":"product","link":"https:\/\/maisoncleo.com\/fr\/shop\/blouse-en-coton-leger-marron-et-jaune-angele\/","title":{"rendered":"Blouse en coton l\u00e9ger marron et jaune ANGELE"},"content":{"rendered":"<p>Blouse en coton l\u00e9ger marron et jaune, manches bouffantes 3\/4 avec poignets \u00e9lastiqu\u00e9s \u00e0 volants, liens \u00e0 nouer sur le devant, grand col double. Nous pouvons faire que 15 blouses dans ce tissu.<\/p>\n<p>La mod\u00e8le mesure 1m70.<\/p>\n","protected":false},"excerpt":{"rendered":"<p>Blouse en coton l\u00e9ger marron et jaune, manches bouffantes 3\/4 avec poignets \u00e9lastiqu\u00e9s \u00e0 volants, liens \u00e0 nouer sur le devant, grand&hellip;<\/p>\n","protected":false},"featured_media":338755,"template":"","meta":[],"product_brand":[],"product_cat":[663,667,661],"product_tag":[],"class_list":{"0":"post-359021","1":"product","2":"type-product","3":"status-publish","4":"has-post-thumbnail","6":"product_cat-blouses","7":"product_cat-dernieres-pieces","8":"product_cat-tout-voir","9":"pa_taille-l-40-2","10":"pa_taille-m-38-2","11":"pa_taille-s-36-2","12":"pa_taille-sur-mesure-fr-2","13":"pa_taille-xl-42-fr-2","14":"pa_taille-xs-34-2","16":"first","17":"instock","18":"taxable","19":"shipping-taxable","20":"purchasable","21":"product-type-variable"},"_links":{"self":[{"href":"https:\/\/maisoncleo.com\/fr\/wp-json\/wp\/v2\/product\/359021","targetHints":{"allow":["GET"]}}],"collection":[{"href":"https:\/\/maisoncleo.com\/fr\/wp-json\/wp\/v2\/product"}],"about":[{"href":"https:\/\/maisoncleo.com\/fr\/wp-json\/wp\/v2\/types\/product"}],"version-history":[{"count":1,"href":"https:\/\/maisoncleo.com\/fr\/wp-json\/wp\/v2\/product\/359021\/revisions"}],"predecessor-version":[{"id":360301,"href":"https:\/\/maisoncleo.com\/fr\/wp-json\/wp\/v2\/product\/359021\/revisions\/360301"}],"wp:featuredmedia":[{"embeddable":true,"href":"https:\/\/maisoncleo.com\/fr\/wp-json\/wp\/v2\/media\/338755"}],"wp:attachment":[{"href":"https:\/\/maisoncleo.com\/fr\/wp-json\/wp\/v2\/media?parent=359021"}],"wp:term":[{"taxonomy":"product_brand","embeddable":true,"href":"https:\/\/maisoncleo.com\/fr\/wp-json\/wp\/v2\/product_brand?post=359021"},{"taxonomy":"product_cat","embeddable":true,"href":"https:\/\/maisoncleo.com\/fr\/wp-json\/wp\/v2\/product_cat?post=359021"},{"taxonomy":"product_tag","embeddable":true,"href":"https:\/\/maisoncleo.com\/fr\/wp-json\/wp\/v2\/product_tag?post=359021"}],"curies":[{"name":"wp","href":"https:\/\/api.w.org\/{rel}","templated":true}]}}