{"id":359020,"date":"2024-09-09T19:52:41","date_gmt":"2024-09-10T12:06:52","guid":{"rendered":"https:\/\/maisoncleo.com\/\/?post_type=product&#038;p=359020"},"modified":"2025-06-06T18:55:22","modified_gmt":"2025-06-06T16:55:22","slug":"blouse-en-velours-de-coton-noir-angele","status":"publish","type":"product","link":"https:\/\/maisoncleo.com\/fr\/shop\/blouse-en-velours-de-coton-noir-angele\/","title":{"rendered":"Blouse en velours de coton noir ANGELE"},"content":{"rendered":"<p>Blouse en coton de velours noir avec manches 3\/4 \u00e9lastiqu\u00e9es et volant\u00e9es. Grand double col pointu blanc avec volants, liens \u00e0 nouer sur le devant, basque \u00e9lastiqu\u00e9e volant\u00e9e au niveau de la taille. 100% velours de coton \u00e9pais.<\/p>\n<p>La mod\u00e8le mesure 1m80.<\/p>\n","protected":false},"excerpt":{"rendered":"<p>Blouse en coton de velours noir avec manches 3\/4 \u00e9lastiqu\u00e9es et volant\u00e9es. Grand double col pointu blanc avec volants, liens \u00e0 nouer&hellip;<\/p>\n","protected":false},"featured_media":337662,"template":"","meta":[],"product_brand":[],"product_cat":[662,663,667,661],"product_tag":[],"class_list":{"0":"post-359020","1":"product","2":"type-product","3":"status-publish","4":"has-post-thumbnail","6":"product_cat-basiques","7":"product_cat-blouses","8":"product_cat-dernieres-pieces","9":"product_cat-tout-voir","10":"pa_taille-l-40-2","11":"pa_taille-m-38-2","12":"pa_taille-s-36-2","13":"pa_taille-sur-mesure-fr-2","14":"pa_taille-xl-42-fr-2","15":"pa_taille-xs-34-2","17":"first","18":"instock","19":"taxable","20":"shipping-taxable","21":"purchasable","22":"product-type-variable"},"_links":{"self":[{"href":"https:\/\/maisoncleo.com\/fr\/wp-json\/wp\/v2\/product\/359020","targetHints":{"allow":["GET"]}}],"collection":[{"href":"https:\/\/maisoncleo.com\/fr\/wp-json\/wp\/v2\/product"}],"about":[{"href":"https:\/\/maisoncleo.com\/fr\/wp-json\/wp\/v2\/types\/product"}],"version-history":[{"count":1,"href":"https:\/\/maisoncleo.com\/fr\/wp-json\/wp\/v2\/product\/359020\/revisions"}],"predecessor-version":[{"id":359583,"href":"https:\/\/maisoncleo.com\/fr\/wp-json\/wp\/v2\/product\/359020\/revisions\/359583"}],"wp:featuredmedia":[{"embeddable":true,"href":"https:\/\/maisoncleo.com\/fr\/wp-json\/wp\/v2\/media\/337662"}],"wp:attachment":[{"href":"https:\/\/maisoncleo.com\/fr\/wp-json\/wp\/v2\/media?parent=359020"}],"wp:term":[{"taxonomy":"product_brand","embeddable":true,"href":"https:\/\/maisoncleo.com\/fr\/wp-json\/wp\/v2\/product_brand?post=359020"},{"taxonomy":"product_cat","embeddable":true,"href":"https:\/\/maisoncleo.com\/fr\/wp-json\/wp\/v2\/product_cat?post=359020"},{"taxonomy":"product_tag","embeddable":true,"href":"https:\/\/maisoncleo.com\/fr\/wp-json\/wp\/v2\/product_tag?post=359020"}],"curies":[{"name":"wp","href":"https:\/\/api.w.org\/{rel}","templated":true}]}}