{"id":370397,"date":"2024-09-17T16:42:14","date_gmt":"2024-09-17T14:42:14","guid":{"rendered":"https:\/\/maisoncleo.com\/notre-atelier\/"},"modified":"2025-01-03T19:47:21","modified_gmt":"2025-01-03T17:47:21","slug":"notre-atelier","status":"publish","type":"page","link":"https:\/\/maisoncleo.com\/fr\/notre-atelier\/","title":{"rendered":"Notre atelier"},"content":{"rendered":"\t\t<div data-elementor-type=\"wp-page\" data-elementor-id=\"370397\" class=\"elementor elementor-370397 elementor-370366\">\n\t\t\t\t<div class=\"elementor-element elementor-element-61e8e7e e-flex e-con-boxed e-con e-parent\" data-id=\"61e8e7e\" data-element_type=\"container\">\n\t\t\t\t\t<div class=\"e-con-inner\">\n\t\t\t\t<div class=\"elementor-element elementor-element-8413eba elementor-widget elementor-widget-image\" data-id=\"8413eba\" data-element_type=\"widget\" data-widget_type=\"image.default\">\n\t\t\t\t<div class=\"elementor-widget-container\">\n\t\t\t\t\t\t\t\t\t\t\t\t\t<img fetchpriority=\"high\" decoding=\"async\" width=\"960\" height=\"1308\" src=\"https:\/\/maisoncleo.com\/wp-content\/uploads\/2025\/01\/3-devanture-atelierm-960x1308.png\" class=\"attachment-large size-large wp-image-380318\" alt=\"\" srcset=\"https:\/\/maisoncleo.com\/wp-content\/uploads\/2025\/01\/3-devanture-atelierm-960x1308.png 960w, https:\/\/maisoncleo.com\/wp-content\/uploads\/2025\/01\/3-devanture-atelierm-300x409.png 300w, https:\/\/maisoncleo.com\/wp-content\/uploads\/2025\/01\/3-devanture-atelierm-600x817.png 600w, https:\/\/maisoncleo.com\/wp-content\/uploads\/2025\/01\/3-devanture-atelierm-145x198.png 145w\" sizes=\"(max-width: 960px) 100vw, 960px\" \/>\t\t\t\t\t\t\t\t\t\t\t\t\t<\/div>\n\t\t\t\t<\/div>\n\t\t\t\t\t<\/div>\n\t\t\t\t<\/div>\n\t\t<div class=\"elementor-element elementor-element-85424d3 e-flex e-con-boxed e-con e-parent\" data-id=\"85424d3\" data-element_type=\"container\">\n\t\t\t\t\t<div class=\"e-con-inner\">\n\t\t<div class=\"elementor-element elementor-element-81d8d1f e-con-full e-flex e-con e-child\" data-id=\"81d8d1f\" data-element_type=\"container\">\n\t\t\t\t<div class=\"elementor-element elementor-element-33e38f2 elementor-widget elementor-widget-text-editor\" data-id=\"33e38f2\" data-element_type=\"widget\" data-widget_type=\"text-editor.default\">\n\t\t\t\t<div class=\"elementor-widget-container\">\n\t\t\t\t\t\t\t<h6><strong>Boutique-atelier<\/strong><\/h6><p><b>Ouverte de notre boutique-atelier tr\u00e8s bient\u00f4t. Pr\u00e9sentation des collections sur le devant avec vue sur la production int\u00e9grale dans l&rsquo;arri\u00e8re boutique gr\u00e2ce \u00e0 une ouverture. <\/b><\/p><p><b>Adresse communiqu\u00e9e prochainement.<\/b><\/p>\t\t\t\t\t\t<\/div>\n\t\t\t\t<\/div>\n\t\t\t\t<\/div>\n\t\t\t\t\t<\/div>\n\t\t\t\t<\/div>\n\t\t<div class=\"elementor-element elementor-element-c2df22f e-flex e-con-boxed e-con e-parent\" data-id=\"c2df22f\" data-element_type=\"container\">\n\t\t\t\t\t<div class=\"e-con-inner\">\n\t\t<div class=\"elementor-element elementor-element-9c732c1 e-con-full e-flex e-con e-child\" data-id=\"9c732c1\" data-element_type=\"container\">\n\t\t\t\t<div class=\"elementor-element elementor-element-78ed1fb elementor-widget elementor-widget-image\" data-id=\"78ed1fb\" data-element_type=\"widget\" data-widget_type=\"image.default\">\n\t\t\t\t<div class=\"elementor-widget-container\">\n\t\t\t\t\t\t\t\t\t\t\t\t\t<img decoding=\"async\" width=\"960\" height=\"1280\" src=\"https:\/\/maisoncleo.com\/wp-content\/uploads\/2024\/09\/janick-960x1280.jpg\" class=\"attachment-large size-large wp-image-370382\" alt=\"\" srcset=\"https:\/\/maisoncleo.com\/wp-content\/uploads\/2024\/09\/janick-960x1280.jpg 960w, https:\/\/maisoncleo.com\/wp-content\/uploads\/2024\/09\/janick-300x400.jpg 300w, https:\/\/maisoncleo.com\/wp-content\/uploads\/2024\/09\/janick-600x800.jpg 600w, https:\/\/maisoncleo.com\/wp-content\/uploads\/2024\/09\/janick-145x193.jpg 145w, https:\/\/maisoncleo.com\/wp-content\/uploads\/2024\/09\/janick.jpg 1080w\" sizes=\"(max-width: 960px) 100vw, 960px\" loading=\"lazy\" \/>\t\t\t\t\t\t\t\t\t\t\t\t\t<\/div>\n\t\t\t\t<\/div>\n\t\t\t\t<\/div>\n\t\t\t\t\t<\/div>\n\t\t\t\t<\/div>\n\t\t\t\t<\/div>\n\t\t","protected":false},"excerpt":{"rendered":"<p>Boutique-atelier Ouverte de notre boutique-atelier tr\u00e8s bient\u00f4t. Pr\u00e9sentation des collections sur le devant avec vue sur la production int\u00e9grale dans l&rsquo;arri\u00e8re boutique&hellip;<\/p>\n","protected":false},"author":10626,"featured_media":0,"parent":0,"menu_order":0,"comment_status":"closed","ping_status":"closed","template":"","meta":{"footnotes":""},"class_list":["post-370397","page","type-page","status-publish","hentry"],"_links":{"self":[{"href":"https:\/\/maisoncleo.com\/fr\/wp-json\/wp\/v2\/pages\/370397","targetHints":{"allow":["GET"]}}],"collection":[{"href":"https:\/\/maisoncleo.com\/fr\/wp-json\/wp\/v2\/pages"}],"about":[{"href":"https:\/\/maisoncleo.com\/fr\/wp-json\/wp\/v2\/types\/page"}],"author":[{"embeddable":true,"href":"https:\/\/maisoncleo.com\/fr\/wp-json\/wp\/v2\/users\/10626"}],"replies":[{"embeddable":true,"href":"https:\/\/maisoncleo.com\/fr\/wp-json\/wp\/v2\/comments?post=370397"}],"version-history":[{"count":13,"href":"https:\/\/maisoncleo.com\/fr\/wp-json\/wp\/v2\/pages\/370397\/revisions"}],"predecessor-version":[{"id":380325,"href":"https:\/\/maisoncleo.com\/fr\/wp-json\/wp\/v2\/pages\/370397\/revisions\/380325"}],"wp:attachment":[{"href":"https:\/\/maisoncleo.com\/fr\/wp-json\/wp\/v2\/media?parent=370397"}],"curies":[{"name":"wp","href":"https:\/\/api.w.org\/{rel}","templated":true}]}}