{"id":290849,"date":"2024-08-08T08:35:06","date_gmt":"2024-08-08T08:35:06","guid":{"rendered":"https:\/\/maisoncleo.com\/\/politique-de-confidentialite\/"},"modified":"2024-08-08T08:35:06","modified_gmt":"2024-08-08T08:35:06","slug":"politique-de-confidentialite","status":"publish","type":"page","link":"https:\/\/maisoncleo.com\/fr\/politique-de-confidentialite\/","title":{"rendered":"Politique de confidentialit\u00e9"},"content":{"rendered":"\n<h1>Politique de confidentialit\u00e9 de maisoncleo<\/h1>\r\n<p>Chez maisoncleo, accessible depuis https:\/\/maisoncleo.com\/\/, l&rsquo;une de nos principales priorit\u00e9s est la confidentialit\u00e9 de nos visiteurs. Ce document de politique de confidentialit\u00e9 contient les types d&rsquo;informations qui sont collect\u00e9es et enregistr\u00e9es par maisoncleo et comment nous les utilisons.<\/p>\r\n<p>Si vous avez des questions suppl\u00e9mentaires ou souhaitez plus d&rsquo;informations sur notre politique de confidentialit\u00e9, n&rsquo;h\u00e9sitez pas \u00e0 nous contacter.<\/p>\r\n<p>Cette politique de confidentialit\u00e9 s&rsquo;applique uniquement \u00e0 nos activit\u00e9s en ligne et est valable pour les visiteurs de notre site Web en ce qui concerne les informations qu&rsquo;ils partagent et\/ou collectent dans maisoncleo. Cette politique ne s&rsquo;applique pas aux informations collect\u00e9es hors ligne ou via des canaux autres que ce site Web.<\/p>\r\n<h2>Consentement<\/h2>\r\n<p>En utilisant notre site Web, vous consentez par la pr\u00e9sente \u00e0 notre politique de confidentialit\u00e9 et acceptez ses conditions.<\/p>\r\n<h2>Informations que nous collectons<\/h2>\r\n<p>Les informations personnelles que vous \u00eates invit\u00e9 \u00e0 fournir, et les raisons pour lesquelles vous \u00eates invit\u00e9 \u00e0 les fournir, vous seront pr\u00e9cis\u00e9es au moment o\u00f9 nous vous demanderons de fournir vos informations personnelles.<\/p>\r\n<p>Si vous nous contactez directement, nous pouvons recevoir des informations suppl\u00e9mentaires vous concernant telles que votre nom, votre adresse e-mail, votre num\u00e9ro de t\u00e9l\u00e9phone, le contenu du message et\/ou des pi\u00e8ces jointes que vous pouvez nous envoyer, et toute autre information que vous pouvez choisir de fournir .<\/p>\r\n<p>Lorsque vous cr\u00e9ez un compte, nous pouvons vous demander vos coordonn\u00e9es, y compris des \u00e9l\u00e9ments tels que le nom, le nom de l&rsquo;entreprise, l&rsquo;adresse, l&rsquo;adresse e-mail et le num\u00e9ro de t\u00e9l\u00e9phone.<\/p>\r\n<h2>Comment nous utilisons vos informations<\/h2>\r\n<p>Nous utilisons les informations que nous collectons de diff\u00e9rentes mani\u00e8res, notamment pour\u00a0:<\/p>\r\n<ul>\r\n<li>Fournir, exploiter et maintenir notre site Web<\/li>\r\n<li>Am\u00e9liorer, personnaliser et d\u00e9velopper notre site Web<\/li>\r\n<li>Comprendre et analyser la fa\u00e7on dont vous utilisez notre site Web<\/li>\r\n<li>D\u00e9velopper de nouveaux produits, services, fonctionnalit\u00e9s et fonctionnalit\u00e9s<\/li>\r\n<li>Communiquer avec vous, directement ou par l&rsquo;interm\u00e9diaire de l&rsquo;un de nos partenaires, y compris pour le service client, pour vous fournir des mises \u00e0 jour et d&rsquo;autres informations relatives au site Web, et \u00e0 des fins de marketing et de promotion<\/li>\r\n<li>Vous envoyer des e-mails<\/li>\r\n<li>D\u00e9tecter et pr\u00e9venir les fraudes<\/li>\r\n<\/ul>\r\n<h2>Fichiers journaux<\/h2>\r\n<p>maisoncleo suit une proc\u00e9dure standard d&rsquo;utilisation des fichiers journaux. Ces fichiers enregistrent les visiteurs lorsqu&rsquo;ils visitent des sites Web. Toutes les soci\u00e9t\u00e9s d&rsquo;h\u00e9bergement le font et font partie de l&rsquo;analyse des services d&rsquo;h\u00e9bergement. Les informations collect\u00e9es par les fichiers journaux incluent les adresses IP (protocole Internet), le type de navigateur, le fournisseur d&rsquo;acc\u00e8s Internet (FAI), l&rsquo;horodatage, les pages de renvoi\/sortie et \u00e9ventuellement le nombre de clics. Ceux-ci ne sont li\u00e9s \u00e0 aucune information personnellement identifiable. Le but de l&rsquo;information est d&rsquo;analyser les tendances, d&rsquo;administrer le site, de suivre les mouvements des utilisateurs sur le site Web et de recueillir des informations d\u00e9mographiques.<\/p>\r\n<h2>Cookies et balises Web<\/h2>\r\n<p>Comme tout autre site internet, maisoncleo utilise des \u00ab\u00a0cookies\u00a0\u00bb. Ces cookies sont utilis\u00e9s pour stocker des informations, y compris les pr\u00e9f\u00e9rences des visiteurs et les pages du site Web auxquelles le visiteur a acc\u00e9d\u00e9 ou visit\u00e9. Les informations sont utilis\u00e9es pour optimiser l&rsquo;exp\u00e9rience des utilisateurs en personnalisant le contenu de notre page Web en fonction du type de navigateur des visiteurs et\/ou d&rsquo;autres informations.<\/p>\r\n<h2>Politiques de confidentialit\u00e9 des partenaires publicitaires<\/h2>\r\n<p>Vous pouvez consulter cette liste pour trouver la politique de confidentialit\u00e9 de chacun des partenaires publicitaires de maisoncleo.<\/p>\r\n<p>Les serveurs publicitaires ou r\u00e9seaux publicitaires tiers utilisent des technologies telles que les cookies, JavaScript ou les balises Web qui sont utilis\u00e9es dans leurs publicit\u00e9s et liens respectifs qui apparaissent sur maisoncleo, qui sont envoy\u00e9s directement au navigateur des utilisateurs. Ils re\u00e7oivent automatiquement votre adresse IP lorsque cela se produit. Ces technologies sont utilis\u00e9es pour mesurer l&rsquo;efficacit\u00e9 de leurs campagnes publicitaires et\/ou pour personnaliser le contenu publicitaire que vous voyez sur les sites Web que vous visitez.<\/p>\r\n<p>Notez que maisoncleo n&rsquo;a aucun acc\u00e8s ni aucun contr\u00f4le sur ces cookies qui sont utilis\u00e9s par des annonceurs tiers.<\/p>\r\n<h2>Politiques de confidentialit\u00e9 des tiers<\/h2>\r\n<p>La politique de confidentialit\u00e9 de maisoncleo ne s&rsquo;applique pas aux autres annonceurs ou sites Web. Ainsi, nous vous conseillons de consulter les politiques de confidentialit\u00e9 respectives de ces serveurs publicitaires tiers pour des informations plus d\u00e9taill\u00e9es. Il peut inclure leurs pratiques et instructions sur la fa\u00e7on de se retirer de certaines options.<\/p>\r\n<p>Vous pouvez choisir de d\u00e9sactiver les cookies via les options de votre navigateur. Pour conna\u00eetre des informations plus d\u00e9taill\u00e9es sur la gestion des cookies avec des navigateurs Web sp\u00e9cifiques, vous pouvez les trouver sur les sites Web respectifs des navigateurs.<\/p>\r\n<h2>Droits de confidentialit\u00e9 CCPA (Ne vendez pas mes informations personnelles)<\/h2>\r\n<p>En vertu du CCPA, entre autres droits, les consommateurs californiens ont le droit de\u00a0:<\/p>\r\n<p>Demander \u00e0 une entreprise qui collecte les donn\u00e9es personnelles d&rsquo;un consommateur de divulguer les cat\u00e9gories et les \u00e9l\u00e9ments sp\u00e9cifiques de donn\u00e9es personnelles qu&rsquo;une entreprise a collect\u00e9s sur les consommateurs.<\/p>\r\n<p>Demander \u00e0 une entreprise de supprimer toutes les donn\u00e9es personnelles sur le consommateur qu&rsquo;une entreprise a collect\u00e9es.<\/p>\r\n<p>Demander qu&rsquo;une entreprise qui vend les donn\u00e9es personnelles d&rsquo;un consommateur, ne vende pas les donn\u00e9es du consommateur<\/p>\n","protected":false},"excerpt":{"rendered":"<p>Politique de confidentialit\u00e9 de maisoncleo Chez maisoncleo, accessible depuis https:\/\/maisoncleo.com\/\/, l&rsquo;une de nos principales priorit\u00e9s est la confidentialit\u00e9 de nos visiteurs. Ce&hellip;<\/p>\n","protected":false},"author":1,"featured_media":0,"parent":0,"menu_order":0,"comment_status":"closed","ping_status":"open","template":"","meta":{"footnotes":""},"class_list":["post-290849","page","type-page","status-publish","hentry"],"_links":{"self":[{"href":"https:\/\/maisoncleo.com\/fr\/wp-json\/wp\/v2\/pages\/290849","targetHints":{"allow":["GET"]}}],"collection":[{"href":"https:\/\/maisoncleo.com\/fr\/wp-json\/wp\/v2\/pages"}],"about":[{"href":"https:\/\/maisoncleo.com\/fr\/wp-json\/wp\/v2\/types\/page"}],"author":[{"embeddable":true,"href":"https:\/\/maisoncleo.com\/fr\/wp-json\/wp\/v2\/users\/1"}],"replies":[{"embeddable":true,"href":"https:\/\/maisoncleo.com\/fr\/wp-json\/wp\/v2\/comments?post=290849"}],"version-history":[{"count":0,"href":"https:\/\/maisoncleo.com\/fr\/wp-json\/wp\/v2\/pages\/290849\/revisions"}],"wp:attachment":[{"href":"https:\/\/maisoncleo.com\/fr\/wp-json\/wp\/v2\/media?parent=290849"}],"curies":[{"name":"wp","href":"https:\/\/api.w.org\/{rel}","templated":true}]}}