{"id":289441,"date":"2023-04-17T11:52:28","date_gmt":"2023-04-17T11:52:28","guid":{"rendered":"https:\/\/maisoncleo.com\/\/contacts\/"},"modified":"2025-10-30T15:42:48","modified_gmt":"2025-10-30T13:42:48","slug":"contact","status":"publish","type":"page","link":"https:\/\/maisoncleo.com\/fr\/contact\/","title":{"rendered":"Contact"},"content":{"rendered":"\t\t<div data-elementor-type=\"wp-page\" data-elementor-id=\"289441\" class=\"elementor elementor-289441 elementor-51\">\n\t\t\t\t<div class=\"elementor-element elementor-element-f58fe2f e-flex e-con-boxed e-con e-parent\" data-id=\"f58fe2f\" data-element_type=\"container\">\n\t\t\t\t\t<div class=\"e-con-inner\">\n\t\t<div class=\"elementor-element elementor-element-b6992a9 e-con-full e-flex e-con e-child\" data-id=\"b6992a9\" data-element_type=\"container\">\n\t\t\t\t<div class=\"elementor-element elementor-element-58b56ba elementor-widget elementor-widget-text-editor\" data-id=\"58b56ba\" data-element_type=\"widget\" data-widget_type=\"text-editor.default\">\n\t\t\t\t<div class=\"elementor-widget-container\">\n\t\t\t\t\t\t\t<p>N&rsquo;h\u00e9sitez pas \u00e0 nous contacter pour toute question. Veuillez consulter notre page FAQ au bas du site web avant de nous contacter, la r\u00e9ponse que vous cherchez s&rsquo;y trouve s\u00fbrement.<\/p>\n<p>SERVICE CLIENT : Tatiana \u00e0 :&nbsp;<a href=\"mailto:contact@maisoncleo.com\">contact@maisoncleo.com<\/a><\/p>\n<p>PRESSE \/ COLLABORATIONS \/ TOURNAGES : <a href=\"mailto:production@maisoncleo.com\">production@maisoncleo.com<\/a><\/p>\n<p>Nous nous efforcerons toujours de vous r\u00e9pondre le plus rapidement possible. Toutefois, si votre demande est urgente, veuillez nous appeler au num\u00e9ro suivant : <a href=\"tel:+33672904195\">+(33) 6 72 90 41 95 <\/a> <\/p>\t\t\t\t\t\t<\/div>\n\t\t\t\t<\/div>\n\t\t\t\t<div class=\"elementor-element elementor-element-eaba5ef elementor-widget elementor-widget-image\" data-id=\"eaba5ef\" data-element_type=\"widget\" data-widget_type=\"image.default\">\n\t\t\t\t<div class=\"elementor-widget-container\">\n\t\t\t\t\t\t\t\t\t\t\t\t\t<img fetchpriority=\"high\" decoding=\"async\" width=\"300\" height=\"270\" src=\"https:\/\/maisoncleo.com\/wp-content\/uploads\/2024\/07\/tatiana-typo-agrandie.png\" class=\"attachment-medium size-medium wp-image-264204\" alt=\"\" srcset=\"https:\/\/maisoncleo.com\/wp-content\/uploads\/2024\/07\/tatiana-typo-agrandie.png 300w, https:\/\/maisoncleo.com\/wp-content\/uploads\/2024\/07\/tatiana-typo-agrandie-145x131.png 145w\" sizes=\"(max-width: 300px) 100vw, 300px\" \/>\t\t\t\t\t\t\t\t\t\t\t\t\t<\/div>\n\t\t\t\t<\/div>\n\t\t\t\t<\/div>\n\t\t<div class=\"elementor-element elementor-element-51232c2 e-con-full e-flex e-con e-child\" data-id=\"51232c2\" data-element_type=\"container\">\n\t\t<div class=\"elementor-element elementor-element-3d012ac e-con-full e-flex e-con e-child\" data-id=\"3d012ac\" data-element_type=\"container\">\n\t\t\t\t<div class=\"elementor-element elementor-element-5637162 elementor-widget__width-inherit elementor-widget elementor-widget-heading\" data-id=\"5637162\" data-element_type=\"widget\" data-widget_type=\"heading.default\">\n\t\t\t\t<div class=\"elementor-widget-container\">\n\t\t\t<h1 class=\"elementor-heading-title elementor-size-default\">Soumettre une demande<\/h1>\t\t<\/div>\n\t\t\t\t<\/div>\n\t\t\t\t<div class=\"elementor-element elementor-element-aa80145 elementor-widget elementor-widget-shortcode\" data-id=\"aa80145\" data-element_type=\"widget\" data-widget_type=\"shortcode.default\">\n\t\t\t\t<div class=\"elementor-widget-container\">\n\t\t\t\t\t<div class=\"elementor-shortcode\"><p class=\"wpcf7-contact-form-not-found\"><strong>Erreur\u00a0:<\/strong> Formulaire de contact non trouv\u00e9\u00a0!<\/p><\/div>\n\t\t\t\t<\/div>\n\t\t\t\t<\/div>\n\t\t\t\t<\/div>\n\t\t\t\t<\/div>\n\t\t\t\t\t<\/div>\n\t\t\t\t<\/div>\n\t\t\t\t<\/div>\n\t\t","protected":false},"excerpt":{"rendered":"<p>N&rsquo;h\u00e9sitez pas \u00e0 nous contacter pour toute question. Veuillez consulter notre page FAQ au bas du site web avant de nous contacter,&hellip;<\/p>\n","protected":false},"author":1,"featured_media":0,"parent":0,"menu_order":0,"comment_status":"closed","ping_status":"closed","template":"elementor_header_footer","meta":{"footnotes":""},"class_list":["post-289441","page","type-page","status-publish","hentry"],"_links":{"self":[{"href":"https:\/\/maisoncleo.com\/fr\/wp-json\/wp\/v2\/pages\/289441","targetHints":{"allow":["GET"]}}],"collection":[{"href":"https:\/\/maisoncleo.com\/fr\/wp-json\/wp\/v2\/pages"}],"about":[{"href":"https:\/\/maisoncleo.com\/fr\/wp-json\/wp\/v2\/types\/page"}],"author":[{"embeddable":true,"href":"https:\/\/maisoncleo.com\/fr\/wp-json\/wp\/v2\/users\/1"}],"replies":[{"embeddable":true,"href":"https:\/\/maisoncleo.com\/fr\/wp-json\/wp\/v2\/comments?post=289441"}],"version-history":[{"count":6,"href":"https:\/\/maisoncleo.com\/fr\/wp-json\/wp\/v2\/pages\/289441\/revisions"}],"predecessor-version":[{"id":393626,"href":"https:\/\/maisoncleo.com\/fr\/wp-json\/wp\/v2\/pages\/289441\/revisions\/393626"}],"wp:attachment":[{"href":"https:\/\/maisoncleo.com\/fr\/wp-json\/wp\/v2\/media?parent=289441"}],"curies":[{"name":"wp","href":"https:\/\/api.w.org\/{rel}","templated":true}]}}