{"id":289417,"date":"2024-07-23T11:44:32","date_gmt":"2024-07-23T11:44:32","guid":{"rendered":"https:\/\/maisoncleo.com\/\/a-propos-de-nous\/"},"modified":"2024-07-30T11:43:11","modified_gmt":"2024-07-30T11:43:11","slug":"a-propos-de-nous","status":"publish","type":"page","link":"https:\/\/maisoncleo.com\/fr\/a-propos-de-nous\/","title":{"rendered":"A propos de nous"},"content":{"rendered":"\t\t<div data-elementor-type=\"wp-page\" data-elementor-id=\"289417\" class=\"elementor elementor-289417 elementor-227387\">\n\t\t\t\t<div class=\"elementor-element elementor-element-7a8bddf e-flex e-con-boxed e-con e-parent\" data-id=\"7a8bddf\" data-element_type=\"container\">\n\t\t\t\t\t<div class=\"e-con-inner\">\n\t\t<div class=\"elementor-element elementor-element-466b282 e-con-full e-flex e-con e-child\" data-id=\"466b282\" data-element_type=\"container\">\n\t\t\t\t<div class=\"elementor-element elementor-element-76c04a9 elementor-widget elementor-widget-heading\" data-id=\"76c04a9\" data-element_type=\"widget\" data-widget_type=\"heading.default\">\n\t\t\t\t<div class=\"elementor-widget-container\">\n\t\t\t<span class=\"elementor-heading-title elementor-size-default\">LES FONDATRICES<\/span>\t\t<\/div>\n\t\t\t\t<\/div>\n\t\t\t\t<div class=\"elementor-element elementor-element-fa2f5f9 elementor-widget elementor-widget-text-editor\" data-id=\"fa2f5f9\" data-element_type=\"widget\" data-widget_type=\"text-editor.default\">\n\t\t\t\t<div class=\"elementor-widget-container\">\n\t\t\t\t\t\t\t<p class=\"has-text-align-center\"><strong>En seulement quelques ann\u00e9es, la marque de Marie Dewet a acquis une r\u00e9putation non seulement pour ses cr\u00e9ations, mais \u00e9galement pour sa transparence rafra\u00eechissante.  <\/strong><\/p>\n<p class=\"has-text-align-center\">Avec un syst\u00e8me de fabrication \u00e0 la demande, MaisonCl\u00e9o est une marque de mode engag\u00e9e \u00e0 n&rsquo;utiliser que des tissus de restes des maisons de couture et des usines fran\u00e7aises.<br \/>MaisonCl\u00e9o produit des s\u00e9ries limit\u00e9es mais travaille \u00e9galement avec des exclusivit\u00e9s pour Net-\u00e0-Porter, Selfridges, Le Printemps&#8230;<br \/>Chaque cr\u00e9ation de MaisonCl\u00e9o est faite \u00e0 la main sur commande. Les mod\u00e8les de la marque peuvent \u00eatre r\u00e9alis\u00e9s dans n&rsquo;importe quelle taille.<br \/>Le v\u00eatement fait main et l&rsquo;authenticit\u00e9 les ont amen\u00e9s \u00e0 cr\u00e9er cette marque qui ne suit aucun calendrier ni tendance de la mode.<br \/>Pas de collection, de nouveaux designs selon les saisons, les d\u00e9sirs et les tissus.<br \/>Une transparence totale, ce qui signifie que vous pouvez d\u00e9couvrir tout, des co\u00fbts de tissu au temps pass\u00e9 pour la confection de votre v\u00eatement.<\/p>\n\t\t\t\t\t\t<\/div>\n\t\t\t\t<\/div>\n\t\t\t\t<\/div>\n\t\t<div class=\"elementor-element elementor-element-ff46aee e-con-full e-flex elementor-invisible e-con e-child\" data-id=\"ff46aee\" data-element_type=\"container\" data-settings=\"{&quot;background_background&quot;:&quot;classic&quot;,&quot;animation&quot;:&quot;pulse&quot;}\">\n\t\t\t\t<div class=\"elementor-element elementor-element-5f7200b elementor-widget elementor-widget-heading\" data-id=\"5f7200b\" data-element_type=\"widget\" data-widget_type=\"heading.default\">\n\t\t\t\t<div class=\"elementor-widget-container\">\n\t\t\t<span class=\"elementor-heading-title elementor-size-default\">Nathalie et marie dewet<\/span>\t\t<\/div>\n\t\t\t\t<\/div>\n\t\t\t\t<div class=\"elementor-element elementor-element-2ddc671 elementor-widget__width-initial elementor-widget elementor-widget-heading\" data-id=\"2ddc671\" data-element_type=\"widget\" data-widget_type=\"heading.default\">\n\t\t\t\t<div class=\"elementor-widget-container\">\n\t\t\t<span class=\"elementor-heading-title elementor-size-default\">m\u00e8re et fille<\/span>\t\t<\/div>\n\t\t\t\t<\/div>\n\t\t\t\t<\/div>\n\t\t\t\t\t<\/div>\n\t\t\t\t<\/div>\n\t\t<div class=\"elementor-element elementor-element-282dec1 e-flex e-con-boxed e-con e-parent\" data-id=\"282dec1\" data-element_type=\"container\">\n\t\t\t\t\t<div class=\"e-con-inner\">\n\t\t<div class=\"elementor-element elementor-element-6275988 e-con-full e-flex e-con e-child\" data-id=\"6275988\" data-element_type=\"container\">\n\t\t\t\t<div class=\"elementor-element elementor-element-ddcdb52 elementor-widget__width-inherit elementor-widget elementor-widget-heading\" data-id=\"ddcdb52\" data-element_type=\"widget\" data-widget_type=\"heading.default\">\n\t\t\t\t<div class=\"elementor-widget-container\">\n\t\t\t<h1 class=\"elementor-heading-title elementor-size-default\">Une histoire familiale<\/h1>\t\t<\/div>\n\t\t\t\t<\/div>\n\t\t\t\t<div class=\"elementor-element elementor-element-ae10102 elementor-widget elementor-widget-text-editor\" data-id=\"ae10102\" data-element_type=\"widget\" data-widget_type=\"text-editor.default\">\n\t\t\t\t<div class=\"elementor-widget-container\">\n\t\t\t\t\t\t\t<p>La grand-m\u00e8re Marie-Th\u00e9r\u00e8se<\/p>\n\t\t\t\t\t\t<\/div>\n\t\t\t\t<\/div>\n\t\t\t\t<\/div>\n\t\t<div class=\"elementor-element elementor-element-41c86a6 e-con-full e-flex elementor-invisible e-con e-child\" data-id=\"41c86a6\" data-element_type=\"container\" data-settings=\"{&quot;background_background&quot;:&quot;classic&quot;,&quot;animation&quot;:&quot;pulse&quot;}\">\n\t\t\t\t<\/div>\n\t\t\t\t\t<\/div>\n\t\t\t\t<\/div>\n\t\t<div class=\"elementor-element elementor-element-d8b0ff9 e-flex e-con-boxed e-con e-parent\" data-id=\"d8b0ff9\" data-element_type=\"container\">\n\t\t\t\t\t<div class=\"e-con-inner\">\n\t\t<div class=\"elementor-element elementor-element-39c69ef e-con-full e-flex elementor-invisible e-con e-child\" data-id=\"39c69ef\" data-element_type=\"container\" data-settings=\"{&quot;background_background&quot;:&quot;classic&quot;,&quot;animation&quot;:&quot;pulse&quot;}\">\n\t\t\t\t<\/div>\n\t\t<div class=\"elementor-element elementor-element-d09f20c e-con-full e-flex e-con e-child\" data-id=\"d09f20c\" data-element_type=\"container\">\n\t\t\t\t<div class=\"elementor-element elementor-element-5fc0f2a elementor-widget__width-inherit elementor-widget elementor-widget-heading\" data-id=\"5fc0f2a\" data-element_type=\"widget\" data-widget_type=\"heading.default\">\n\t\t\t\t<div class=\"elementor-widget-container\">\n\t\t\t<h1 class=\"elementor-heading-title elementor-size-default\">Mes GRANDS-M\u00c8RES<\/h1>\t\t<\/div>\n\t\t\t\t<\/div>\n\t\t\t\t<div class=\"elementor-element elementor-element-bfa499e elementor-widget elementor-widget-text-editor\" data-id=\"bfa499e\" data-element_type=\"widget\" data-widget_type=\"text-editor.default\">\n\t\t\t\t<div class=\"elementor-widget-container\">\n\t\t\t\t\t\t\t<p>Louisette<\/p>\n\t\t\t\t\t\t<\/div>\n\t\t\t\t<\/div>\n\t\t\t\t<\/div>\n\t\t\t\t\t<\/div>\n\t\t\t\t<\/div>\n\t\t<div class=\"elementor-element elementor-element-f37ae8f e-flex e-con-boxed e-con e-parent\" data-id=\"f37ae8f\" data-element_type=\"container\">\n\t\t\t\t\t<div class=\"e-con-inner\">\n\t\t<div class=\"elementor-element elementor-element-7803f96 e-con-full e-flex e-con e-child\" data-id=\"7803f96\" data-element_type=\"container\">\n\t\t\t\t<div class=\"elementor-element elementor-element-307fbae elementor-widget__width-inherit elementor-widget elementor-widget-heading\" data-id=\"307fbae\" data-element_type=\"widget\" data-widget_type=\"heading.default\">\n\t\t\t\t<div class=\"elementor-widget-container\">\n\t\t\t<h1 class=\"elementor-heading-title elementor-size-default\">LES D\u00c9BUTS DE MAISON CL\u00c9O<\/h1>\t\t<\/div>\n\t\t\t\t<\/div>\n\t\t\t\t<div class=\"elementor-element elementor-element-66196a5 elementor-widget elementor-widget-text-editor\" data-id=\"66196a5\" data-element_type=\"widget\" data-widget_type=\"text-editor.default\">\n\t\t\t\t<div class=\"elementor-widget-container\">\n\t\t\t\t\t\t\t<p>Nathalie qui confectionne les premiers v\u00eatements.  <\/p>\n\t\t\t\t\t\t<\/div>\n\t\t\t\t<\/div>\n\t\t\t\t<\/div>\n\t\t<div class=\"elementor-element elementor-element-3c668cd e-con-full e-flex elementor-invisible e-con e-child\" data-id=\"3c668cd\" data-element_type=\"container\" data-settings=\"{&quot;background_background&quot;:&quot;classic&quot;,&quot;animation&quot;:&quot;pulse&quot;}\">\n\t\t\t\t<\/div>\n\t\t\t\t\t<\/div>\n\t\t\t\t<\/div>\n\t\t<div class=\"elementor-element elementor-element-a870ead e-flex e-con-boxed e-con e-parent\" data-id=\"a870ead\" data-element_type=\"container\">\n\t\t\t\t\t<div class=\"e-con-inner\">\n\t\t<div class=\"elementor-element elementor-element-3734f6b e-con-full e-flex e-con e-child\" data-id=\"3734f6b\" data-element_type=\"container\" data-settings=\"{&quot;background_background&quot;:&quot;classic&quot;}\">\n\t\t\t\t<\/div>\n\t\t<div class=\"elementor-element elementor-element-9a0637d e-con-full e-flex e-con e-child\" data-id=\"9a0637d\" data-element_type=\"container\">\n\t\t\t\t<div class=\"elementor-element elementor-element-eaa4dfb elementor-widget__width-inherit elementor-widget elementor-widget-heading\" data-id=\"eaa4dfb\" data-element_type=\"widget\" data-widget_type=\"heading.default\">\n\t\t\t\t<div class=\"elementor-widget-container\">\n\t\t\t<h1 class=\"elementor-heading-title elementor-size-default\">NOTRE CHOUCHOU<\/h1>\t\t<\/div>\n\t\t\t\t<\/div>\n\t\t\t\t<div class=\"elementor-element elementor-element-8317ede elementor-widget elementor-widget-text-editor\" data-id=\"8317ede\" data-element_type=\"widget\" data-widget_type=\"text-editor.default\">\n\t\t\t\t<div class=\"elementor-widget-container\">\n\t\t\t\t\t\t\t<p>Nathalie qui assortit son chouchou \u00e0 ses v\u00eatements.<\/p>\n\t\t\t\t\t\t<\/div>\n\t\t\t\t<\/div>\n\t\t\t\t<\/div>\n\t\t\t\t\t<\/div>\n\t\t\t\t<\/div>\n\t\t\t\t<\/div>\n\t\t","protected":false},"excerpt":{"rendered":"<p>LES FONDATRICES En seulement quelques ann\u00e9es, la marque de Marie Dewet a acquis une r\u00e9putation non seulement pour ses cr\u00e9ations, mais \u00e9galement&hellip;<\/p>\n","protected":false},"author":2,"featured_media":0,"parent":0,"menu_order":0,"comment_status":"closed","ping_status":"closed","template":"elementor_header_footer","meta":{"footnotes":""},"class_list":["post-289417","page","type-page","status-publish","hentry"],"_links":{"self":[{"href":"https:\/\/maisoncleo.com\/fr\/wp-json\/wp\/v2\/pages\/289417","targetHints":{"allow":["GET"]}}],"collection":[{"href":"https:\/\/maisoncleo.com\/fr\/wp-json\/wp\/v2\/pages"}],"about":[{"href":"https:\/\/maisoncleo.com\/fr\/wp-json\/wp\/v2\/types\/page"}],"author":[{"embeddable":true,"href":"https:\/\/maisoncleo.com\/fr\/wp-json\/wp\/v2\/users\/2"}],"replies":[{"embeddable":true,"href":"https:\/\/maisoncleo.com\/fr\/wp-json\/wp\/v2\/comments?post=289417"}],"version-history":[{"count":0,"href":"https:\/\/maisoncleo.com\/fr\/wp-json\/wp\/v2\/pages\/289417\/revisions"}],"wp:attachment":[{"href":"https:\/\/maisoncleo.com\/fr\/wp-json\/wp\/v2\/media?parent=289417"}],"curies":[{"name":"wp","href":"https:\/\/api.w.org\/{rel}","templated":true}]}}